{"id":31973,"date":"2024-07-09T16:20:04","date_gmt":"2024-07-09T14:20:04","guid":{"rendered":"https:\/\/www.green-expo.be\/qui-visite-2\/persona-bart-backaert\/"},"modified":"2024-07-10T14:58:25","modified_gmt":"2024-07-10T12:58:25","slug":"persona-bart-backaert","status":"publish","type":"page","link":"https:\/\/www.green-expo.be\/fr\/persona-bart-backaert\/","title":{"rendered":"Persona Bart Backaert"},"content":{"rendered":"\t\t<div data-elementor-type=\"wp-page\" data-elementor-id=\"31973\" class=\"elementor elementor-31973 elementor-30230\" data-elementor-post-type=\"page\">\n\t\t\t\t\t\t<section class=\"elementor-section elementor-top-section elementor-element elementor-element-26e0840 elementor-section-height-min-height elementor-section-content-middle elementor-section-boxed elementor-section-height-default elementor-section-items-middle\" data-id=\"26e0840\" data-element_type=\"section\" data-settings=\"{&quot;background_background&quot;:&quot;classic&quot;}\">\n\t\t\t\t\t\t\t<div class=\"elementor-background-overlay\"><\/div>\n\t\t\t\t\t\t\t<div class=\"elementor-container elementor-column-gap-no\">\n\t\t\t\t\t<div class=\"elementor-column elementor-col-100 elementor-top-column elementor-element elementor-element-45b178a\" data-id=\"45b178a\" data-element_type=\"column\">\n\t\t\t<div class=\"elementor-widget-wrap elementor-element-populated\">\n\t\t\t\t\t\t<div class=\"elementor-element elementor-element-fa161b3 elementor-widget elementor-widget-heading\" data-id=\"fa161b3\" data-element_type=\"widget\" data-widget_type=\"heading.default\">\n\t\t\t\t<div class=\"elementor-widget-container\">\n\t\t\t\t\t<h1 class=\"elementor-heading-title elementor-size-xl\">Services verts publics Persona<\/h1>\t\t\t\t<\/div>\n\t\t\t\t<\/div>\n\t\t\t\t\t<\/div>\n\t\t<\/div>\n\t\t\t\t\t<\/div>\n\t\t<\/section>\n\t\t\t\t<section class=\"elementor-section elementor-top-section elementor-element elementor-element-bb59418 elementor-section-boxed elementor-section-height-default elementor-section-height-default\" data-id=\"bb59418\" data-element_type=\"section\">\n\t\t\t\t\t\t<div class=\"elementor-container elementor-column-gap-default\">\n\t\t\t\t\t<div class=\"elementor-column elementor-col-33 elementor-top-column elementor-element elementor-element-965e63b\" data-id=\"965e63b\" data-element_type=\"column\">\n\t\t\t<div class=\"elementor-widget-wrap\">\n\t\t\t\t\t\t\t<\/div>\n\t\t<\/div>\n\t\t\t\t<div class=\"elementor-column elementor-col-33 elementor-top-column elementor-element elementor-element-3a8ed42\" data-id=\"3a8ed42\" data-element_type=\"column\">\n\t\t\t<div class=\"elementor-widget-wrap elementor-element-populated\">\n\t\t\t\t\t\t<div class=\"elementor-element elementor-element-69ee098 elementor-widget elementor-widget-image\" data-id=\"69ee098\" data-element_type=\"widget\" data-widget_type=\"image.default\">\n\t\t\t\t<div class=\"elementor-widget-container\">\n\t\t\t\t\t\t\t\t\t\t\t\t\t\t\t<img fetchpriority=\"high\" decoding=\"async\" width=\"800\" height=\"600\" src=\"https:\/\/easyfairsassets.com\/sites\/172\/2024\/07\/Bart-Backaert-3-1024x768.jpg\" class=\"attachment-large size-large wp-image-30153\" alt=\"Bart Backaert\" srcset=\"https:\/\/easyfairsassets.com\/sites\/172\/2024\/07\/Bart-Backaert-3-1024x768.jpg 1024w, https:\/\/easyfairsassets.com\/sites\/172\/2024\/07\/Bart-Backaert-3-300x225.jpg 300w, https:\/\/easyfairsassets.com\/sites\/172\/2024\/07\/Bart-Backaert-3-768x576.jpg 768w, https:\/\/easyfairsassets.com\/sites\/172\/2024\/07\/Bart-Backaert-3-1536x1152.jpg 1536w, https:\/\/easyfairsassets.com\/sites\/172\/2024\/07\/Bart-Backaert-3.jpg 1920w\" sizes=\"(max-width: 800px) 100vw, 800px\" \/>\t\t\t\t\t\t\t\t\t\t\t\t\t\t\t<\/div>\n\t\t\t\t<\/div>\n\t\t\t\t\t<\/div>\n\t\t<\/div>\n\t\t\t\t<div class=\"elementor-column elementor-col-33 elementor-top-column elementor-element elementor-element-4511be2\" data-id=\"4511be2\" data-element_type=\"column\">\n\t\t\t<div class=\"elementor-widget-wrap\">\n\t\t\t\t\t\t\t<\/div>\n\t\t<\/div>\n\t\t\t\t\t<\/div>\n\t\t<\/section>\n\t\t\t\t<section class=\"elementor-section elementor-top-section elementor-element elementor-element-bd209bf elementor-section-boxed elementor-section-height-default elementor-section-height-default\" data-id=\"bd209bf\" data-element_type=\"section\">\n\t\t\t\t\t\t<div class=\"elementor-container elementor-column-gap-default\">\n\t\t\t\t\t<div class=\"elementor-column elementor-col-50 elementor-top-column elementor-element elementor-element-b1e7e01\" data-id=\"b1e7e01\" data-element_type=\"column\" data-settings=\"{&quot;background_background&quot;:&quot;classic&quot;}\">\n\t\t\t<div class=\"elementor-widget-wrap elementor-element-populated\">\n\t\t\t\t\t\t<div class=\"elementor-element elementor-element-1ef9ca2 elementor-widget elementor-widget-spacer\" data-id=\"1ef9ca2\" data-element_type=\"widget\" data-widget_type=\"spacer.default\">\n\t\t\t\t<div class=\"elementor-widget-container\">\n\t\t\t\t\t\t\t<div class=\"elementor-spacer\">\n\t\t\t<div class=\"elementor-spacer-inner\"><\/div>\n\t\t<\/div>\n\t\t\t\t\t\t<\/div>\n\t\t\t\t<\/div>\n\t\t\t\t\t<\/div>\n\t\t<\/div>\n\t\t\t\t<div class=\"elementor-column elementor-col-50 elementor-top-column elementor-element elementor-element-3f26bd2\" data-id=\"3f26bd2\" data-element_type=\"column\" data-settings=\"{&quot;background_background&quot;:&quot;classic&quot;}\">\n\t\t\t<div class=\"elementor-widget-wrap elementor-element-populated\">\n\t\t\t\t\t\t<div class=\"elementor-element elementor-element-00057e4 elementor-widget__width-initial elementor-widget elementor-widget-heading\" data-id=\"00057e4\" data-element_type=\"widget\" data-widget_type=\"heading.default\">\n\t\t\t\t<div class=\"elementor-widget-container\">\n\t\t\t\t\t<h2 class=\"elementor-heading-title elementor-size-default\">Brigadier principal  Backaert<\/h2>\t\t\t\t<\/div>\n\t\t\t\t<\/div>\n\t\t\t\t<div class=\"elementor-element elementor-element-7aa5168 elementor-widget elementor-widget-text-editor\" data-id=\"7aa5168\" data-element_type=\"widget\" data-widget_type=\"text-editor.default\">\n\t\t\t\t<div class=\"elementor-widget-container\">\n\t\t\t\t\t\t\t\t\t<p>\u00ab\u00a0Pour nous, Green Expo est un endroit de rencontre et de d\u00e9couverte de nouveaux produits et d\u2019applications mais aussi de coll\u00e8gues d\u2019autres villes, communes et organisations.<\/p>\n<p>Le r\u00e9seautage est id\u00e9al dans un tel environnement, avec les coll\u00e8gues et les exposants avec lesquels nous travaillons parfois depuis des ann\u00e9es mais que l\u2019on n\u2019a jamais rencontr\u00e9 \u2018en vrai\u2019.<\/p>\n<p>Notre bo\u00eete mail d\u00e9borde d\u2019informations envoy\u00e9es par les revues sp\u00e9cialis\u00e9es sur les nouveaux produits, les innovations et les beaux projets, mais un entretien personnel ou une conf\u00e9rence donn\u00e9e par des professionnels passionn\u00e9s nous inspirent davantage.<\/p>\n<p>Nous viendrons en septembre.\u00a0\u00bb<\/p>\n\t\t\t\t\t\t\t\t<\/div>\n\t\t\t\t<\/div>\n\t\t\t\t\t<\/div>\n\t\t<\/div>\n\t\t\t\t\t<\/div>\n\t\t<\/section>\n\t\t\t\t<\/div>\n\t\t","protected":false},"excerpt":{"rendered":"<p>Services verts publics Persona Brigadier principal Backaert \u00ab\u00a0Pour nous, Green Expo est un endroit de rencontre et de d\u00e9couverte de nouveaux produits et d\u2019applications mais aussi de coll\u00e8gues d\u2019autres villes, communes et organisations. Le r\u00e9seautage est id\u00e9al dans un tel environnement, avec les coll\u00e8gues et les exposants avec lesquels nous travaillons parfois depuis des ann\u00e9es [&hellip;]<\/p>\n","protected":false},"author":1351,"featured_media":0,"parent":0,"menu_order":0,"comment_status":"closed","ping_status":"closed","template":"","meta":{"_seopress_robots_primary_cat":"","_seopress_titles_title":"","_seopress_titles_desc":"","_seopress_robots_index":"","footnotes":""},"class_list":["post-31973","page","type-page","status-publish","hentry"],"_links":{"self":[{"href":"https:\/\/www.green-expo.be\/fr\/wp-json\/wp\/v2\/pages\/31973","targetHints":{"allow":["GET"]}}],"collection":[{"href":"https:\/\/www.green-expo.be\/fr\/wp-json\/wp\/v2\/pages"}],"about":[{"href":"https:\/\/www.green-expo.be\/fr\/wp-json\/wp\/v2\/types\/page"}],"author":[{"embeddable":true,"href":"https:\/\/www.green-expo.be\/fr\/wp-json\/wp\/v2\/users\/1351"}],"replies":[{"embeddable":true,"href":"https:\/\/www.green-expo.be\/fr\/wp-json\/wp\/v2\/comments?post=31973"}],"version-history":[{"count":3,"href":"https:\/\/www.green-expo.be\/fr\/wp-json\/wp\/v2\/pages\/31973\/revisions"}],"predecessor-version":[{"id":32214,"href":"https:\/\/www.green-expo.be\/fr\/wp-json\/wp\/v2\/pages\/31973\/revisions\/32214"}],"wp:attachment":[{"href":"https:\/\/www.green-expo.be\/fr\/wp-json\/wp\/v2\/media?parent=31973"}],"curies":[{"name":"wp","href":"https:\/\/api.w.org\/{rel}","templated":true}]}}