{"id":4167,"date":"2020-05-16T14:29:37","date_gmt":"2020-05-16T12:29:37","guid":{"rendered":"https:\/\/www.green-expo.be\/programme\/"},"modified":"2024-06-26T16:23:31","modified_gmt":"2024-06-26T14:23:31","slug":"programme","status":"publish","type":"page","link":"https:\/\/www.green-expo.be\/fr\/programme\/","title":{"rendered":"programme"},"content":{"rendered":"\t\t<div data-elementor-type=\"wp-post\" data-elementor-id=\"4167\" class=\"elementor elementor-4167 elementor-102\" data-elementor-post-type=\"page\">\n\t\t\t\t\t\t<section class=\"elementor-section elementor-top-section elementor-element elementor-element-8d8e401 elementor-section-boxed elementor-section-height-default elementor-section-height-default\" data-id=\"8d8e401\" data-element_type=\"section\" data-settings=\"{&quot;background_background&quot;:&quot;classic&quot;,&quot;shape_divider_bottom&quot;:&quot;opacity-tilt&quot;}\">\n\t\t\t\t\t\t\t<div class=\"elementor-background-overlay\"><\/div>\n\t\t\t\t\t\t<div class=\"elementor-shape elementor-shape-bottom\" aria-hidden=\"true\" data-negative=\"false\">\n\t\t\t<svg xmlns=\"http:\/\/www.w3.org\/2000\/svg\" viewBox=\"0 0 2600 131.1\" preserveAspectRatio=\"none\">\n\t<path class=\"elementor-shape-fill\" d=\"M0 0L2600 0 2600 69.1 0 0z\"\/>\n\t<path class=\"elementor-shape-fill\" style=\"opacity:0.5\" d=\"M0 0L2600 0 2600 69.1 0 69.1z\"\/>\n\t<path class=\"elementor-shape-fill\" style=\"opacity:0.25\" d=\"M2600 0L0 0 0 130.1 2600 69.1z\"\/>\n<\/svg>\t\t<\/div>\n\t\t\t\t\t<div class=\"elementor-container elementor-column-gap-default\">\n\t\t\t\t\t<div class=\"elementor-column elementor-col-100 elementor-top-column elementor-element elementor-element-86712eb\" data-id=\"86712eb\" data-element_type=\"column\">\n\t\t\t<div class=\"elementor-widget-wrap elementor-element-populated\">\n\t\t\t\t\t\t<div class=\"elementor-element elementor-element-e7eb530 elementor-widget elementor-widget-heading\" data-id=\"e7eb530\" data-element_type=\"widget\" data-widget_type=\"heading.default\">\n\t\t\t\t<div class=\"elementor-widget-container\">\n\t\t\t\t\t<h1 class=\"elementor-heading-title elementor-size-xl\">Programme<\/h1>\t\t\t\t<\/div>\n\t\t\t\t<\/div>\n\t\t\t\t<div class=\"elementor-element elementor-element-7b5c1f1 elementor-widget elementor-widget-heading\" data-id=\"7b5c1f1\" data-element_type=\"widget\" data-widget_type=\"heading.default\">\n\t\t\t\t<div class=\"elementor-widget-container\">\n\t\t\t\t\t<h1 class=\"elementor-heading-title elementor-size-large\">Le futur est Green<\/h1>\t\t\t\t<\/div>\n\t\t\t\t<\/div>\n\t\t\t\t<div class=\"elementor-element elementor-element-8a0f398 elementor-widget elementor-widget-text-editor\" data-id=\"8a0f398\" data-element_type=\"widget\" data-widget_type=\"text-editor.default\">\n\t\t\t\t<div class=\"elementor-widget-container\">\n\t\t\t\t\t\t\t\t\t<p>Le salon Green Expo est votre rendez-vous bisannuel avec le secteur vert priv\u00e9 et public. L&rsquo;organisation met tout en \u0153uvre pour une v\u00e9ritable pollinisation crois\u00e9e entre l&rsquo;entretien des jardins et des parcs et la construction. Green Expo vous offre un concept unique, et le programme avec des initiatives r\u00e9volutionnaires est certainement quelque chose entre les deux.<\/p><p>Quelques points forts&#8230;<\/p>\t\t\t\t\t\t\t\t<\/div>\n\t\t\t\t<\/div>\n\t\t\t\t\t<\/div>\n\t\t<\/div>\n\t\t\t\t\t<\/div>\n\t\t<\/section>\n\t\t\t\t<section class=\"elementor-section elementor-top-section elementor-element elementor-element-acb24c9 elementor-section-boxed elementor-section-height-default elementor-section-height-default\" data-id=\"acb24c9\" data-element_type=\"section\">\n\t\t\t\t\t\t<div class=\"elementor-container elementor-column-gap-default\">\n\t\t\t\t\t<div class=\"elementor-column elementor-col-50 elementor-top-column elementor-element elementor-element-9148a97\" data-id=\"9148a97\" data-element_type=\"column\">\n\t\t\t<div class=\"elementor-widget-wrap elementor-element-populated\">\n\t\t\t\t\t\t<div class=\"elementor-element elementor-element-0744cd9 elementor-position-top elementor-widget elementor-widget-image-box\" data-id=\"0744cd9\" data-element_type=\"widget\" data-widget_type=\"image-box.default\">\n\t\t\t\t<div class=\"elementor-widget-container\">\n\t\t\t\t\t<div class=\"elementor-image-box-wrapper\"><figure class=\"elementor-image-box-img\"><a href=\"https:\/\/www.green-expo.be\/fr\/programme\/awards\/\" tabindex=\"-1\"><img decoding=\"async\" src=\"https:\/\/easyfairsassets.com\/sites\/172\/elementor\/thumbs\/LOWRES-IC9C7891-py85zebhvv3yf6ia8t80grxh5xz9bcydbbeeclttrk.jpg\" title=\"LOWRES-IC9C7891\" alt=\"LOWRES-IC9C7891\" class=\"elementor-animation-shrink\" loading=\"lazy\" \/><\/a><\/figure><div class=\"elementor-image-box-content\"><h3 class=\"elementor-image-box-title\"><a href=\"https:\/\/www.green-expo.be\/fr\/programme\/awards\/\">Awards<\/a><\/h3><\/div><\/div>\t\t\t\t<\/div>\n\t\t\t\t<\/div>\n\t\t\t\t\t<\/div>\n\t\t<\/div>\n\t\t\t\t<div class=\"elementor-column elementor-col-50 elementor-top-column elementor-element elementor-element-edb60be\" data-id=\"edb60be\" data-element_type=\"column\">\n\t\t\t<div class=\"elementor-widget-wrap elementor-element-populated\">\n\t\t\t\t\t\t<div class=\"elementor-element elementor-element-28ec667 elementor-position-top elementor-widget elementor-widget-image-box\" data-id=\"28ec667\" data-element_type=\"widget\" data-widget_type=\"image-box.default\">\n\t\t\t\t<div class=\"elementor-widget-container\">\n\t\t\t\t\t<div class=\"elementor-image-box-wrapper\"><figure class=\"elementor-image-box-img\"><a href=\"https:\/\/www.green-expo.be\/fr\/programme\/conferences\/\" tabindex=\"-1\"><img decoding=\"async\" src=\"https:\/\/easyfairsassets.com\/sites\/172\/elementor\/thumbs\/LOWRES-IC9C7399-1-qq4hdpbgq1l8g65oom04shilqvbjbx4hkzminoz6r4.jpg\" title=\"GREEN_Conf\u00e9rences\" alt=\"GREEN_Conf\u00e9rences\" class=\"elementor-animation-shrink\" loading=\"lazy\" \/><\/a><\/figure><div class=\"elementor-image-box-content\"><h3 class=\"elementor-image-box-title\"><a href=\"https:\/\/www.green-expo.be\/fr\/programme\/conferences\/\">Conf\u00e9rences<\/a><\/h3><p class=\"elementor-image-box-description\">.<\/p><\/div><\/div>\t\t\t\t<\/div>\n\t\t\t\t<\/div>\n\t\t\t\t\t<\/div>\n\t\t<\/div>\n\t\t\t\t\t<\/div>\n\t\t<\/section>\n\t\t\t\t<\/div>\n\t\t","protected":false},"excerpt":{"rendered":"<p>Programme Le futur est Green Le salon Green Expo est votre rendez-vous bisannuel avec le secteur vert priv\u00e9 et public. L&rsquo;organisation met tout en \u0153uvre pour une v\u00e9ritable pollinisation crois\u00e9e entre l&rsquo;entretien des jardins et des parcs et la construction. Green Expo vous offre un concept unique, et le programme avec des initiatives r\u00e9volutionnaires est [&hellip;]<\/p>\n","protected":false},"author":949,"featured_media":0,"parent":0,"menu_order":0,"comment_status":"closed","ping_status":"closed","template":"","meta":{"_seopress_robots_primary_cat":"","_seopress_titles_title":"Programme | GREEN 2024","_seopress_titles_desc":"Le salon Green est votre rendez-vous bisannuel avec le secteur priv\u00e9 et public de l'\u00e9cologie. Vous \u00eates \u00e9galement curieux de d\u00e9couvrir le programme de qualit\u00e9 et les toutes nouvelles initiatives ?","_seopress_robots_index":"","footnotes":""},"class_list":["post-4167","page","type-page","status-publish","hentry"],"_links":{"self":[{"href":"https:\/\/www.green-expo.be\/fr\/wp-json\/wp\/v2\/pages\/4167","targetHints":{"allow":["GET"]}}],"collection":[{"href":"https:\/\/www.green-expo.be\/fr\/wp-json\/wp\/v2\/pages"}],"about":[{"href":"https:\/\/www.green-expo.be\/fr\/wp-json\/wp\/v2\/types\/page"}],"author":[{"embeddable":true,"href":"https:\/\/www.green-expo.be\/fr\/wp-json\/wp\/v2\/users\/949"}],"replies":[{"embeddable":true,"href":"https:\/\/www.green-expo.be\/fr\/wp-json\/wp\/v2\/comments?post=4167"}],"version-history":[{"count":5,"href":"https:\/\/www.green-expo.be\/fr\/wp-json\/wp\/v2\/pages\/4167\/revisions"}],"predecessor-version":[{"id":29308,"href":"https:\/\/www.green-expo.be\/fr\/wp-json\/wp\/v2\/pages\/4167\/revisions\/29308"}],"wp:attachment":[{"href":"https:\/\/www.green-expo.be\/fr\/wp-json\/wp\/v2\/media?parent=4167"}],"curies":[{"name":"wp","href":"https:\/\/api.w.org\/{rel}","templated":true}]}}