{"id":4183,"date":"2020-05-16T15:09:24","date_gmt":"2020-05-16T13:09:24","guid":{"rendered":"https:\/\/www.green-expo.be\/je-souhaite-devenir-exposant\/pourquoi-participer\/"},"modified":"2026-04-13T08:24:30","modified_gmt":"2026-04-13T06:24:30","slug":"pourquoi-participer","status":"publish","type":"page","link":"https:\/\/www.green-expo.be\/fr\/je-souhaite-devenir-exposant\/pourquoi-participer\/","title":{"rendered":"Pourquoi participer\u00a0?"},"content":{"rendered":"\t\t<div data-elementor-type=\"wp-post\" data-elementor-id=\"4183\" class=\"elementor elementor-4183 elementor-3290\" data-elementor-post-type=\"page\">\n\t\t\t\t\t\t<section class=\"elementor-section elementor-top-section elementor-element elementor-element-a1f096a elementor-section-boxed elementor-section-height-default elementor-section-height-default\" data-id=\"a1f096a\" data-element_type=\"section\" data-settings=\"{&quot;background_background&quot;:&quot;classic&quot;,&quot;shape_divider_bottom&quot;:&quot;opacity-tilt&quot;}\">\n\t\t\t\t\t\t\t<div class=\"elementor-background-overlay\"><\/div>\n\t\t\t\t\t\t<div class=\"elementor-shape elementor-shape-bottom\" aria-hidden=\"true\" data-negative=\"false\">\n\t\t\t<svg xmlns=\"http:\/\/www.w3.org\/2000\/svg\" viewBox=\"0 0 2600 131.1\" preserveAspectRatio=\"none\">\n\t<path class=\"elementor-shape-fill\" d=\"M0 0L2600 0 2600 69.1 0 0z\"\/>\n\t<path class=\"elementor-shape-fill\" style=\"opacity:0.5\" d=\"M0 0L2600 0 2600 69.1 0 69.1z\"\/>\n\t<path class=\"elementor-shape-fill\" style=\"opacity:0.25\" d=\"M2600 0L0 0 0 130.1 2600 69.1z\"\/>\n<\/svg>\t\t<\/div>\n\t\t\t\t\t<div class=\"elementor-container elementor-column-gap-default\">\n\t\t\t\t\t<div class=\"elementor-column elementor-col-100 elementor-top-column elementor-element elementor-element-f683b81\" data-id=\"f683b81\" data-element_type=\"column\">\n\t\t\t<div class=\"elementor-widget-wrap elementor-element-populated\">\n\t\t\t\t\t\t<div class=\"elementor-element elementor-element-a455aa1 elementor-widget elementor-widget-heading\" data-id=\"a455aa1\" data-element_type=\"widget\" data-widget_type=\"heading.default\">\n\t\t\t\t<div class=\"elementor-widget-container\">\n\t\t\t\t\t<h1 class=\"elementor-heading-title elementor-size-xl\">Pourquoi participer \u00e0 Green?<\/h1>\t\t\t\t<\/div>\n\t\t\t\t<\/div>\n\t\t\t\t<div class=\"elementor-element elementor-element-dd93f4a elementor-widget elementor-widget-heading\" data-id=\"dd93f4a\" data-element_type=\"widget\" data-widget_type=\"heading.default\">\n\t\t\t\t<div class=\"elementor-widget-container\">\n\t\t\t\t\t<h3 class=\"elementor-heading-title elementor-size-default\">Devenir exposant<\/h3>\t\t\t\t<\/div>\n\t\t\t\t<\/div>\n\t\t\t\t\t<\/div>\n\t\t<\/div>\n\t\t\t\t\t<\/div>\n\t\t<\/section>\n\t\t\t\t<section class=\"elementor-section elementor-top-section elementor-element elementor-element-6a766f9 elementor-section-boxed elementor-section-height-default elementor-section-height-default\" data-id=\"6a766f9\" data-element_type=\"section\" data-settings=\"{&quot;background_background&quot;:&quot;classic&quot;}\">\n\t\t\t\t\t\t<div class=\"elementor-container elementor-column-gap-default\">\n\t\t\t\t\t<div class=\"elementor-column elementor-col-100 elementor-top-column elementor-element elementor-element-81bcebf\" data-id=\"81bcebf\" data-element_type=\"column\">\n\t\t\t<div class=\"elementor-widget-wrap elementor-element-populated\">\n\t\t\t\t\t\t<div class=\"elementor-element elementor-element-51dfa33 elementor-widget elementor-widget-text-editor\" data-id=\"51dfa33\" data-element_type=\"widget\" data-widget_type=\"text-editor.default\">\n\t\t\t\t<div class=\"elementor-widget-container\">\n\t\t\t\t\t\t\t\t\t<p>Green 2026 offre un grand potentiel pour les professionnels de l&rsquo;environnement, tant pour le secteur public que pour le secteur priv\u00e9. Le nombre croissant d&rsquo;exposants, \u00e9dition apr\u00e8s \u00e9dition, en est la meilleure preuve. Green est le seul salon professionnel belge complet pour l&rsquo;am\u00e9nagement de jardins et de parcs. Unique en son genre et une valeur s\u00fbre pour la communaut\u00e9. R\u00e9seautage, rencontres, exp\u00e9riences&#8230; c&rsquo;est ici que cela se passe, c&rsquo;est ici que vous devez \u00eatre.<\/p>\n<ul>\n<li>Rencontrez des clients existants et de nouveaux prospects<\/li>\n<li>Pr\u00e9senter vos produits et votre expertise \u00e0 votre public cible<\/li>\n<li>Vous laisser inspirer par d&rsquo;autres professionnels de l&rsquo;environnement<\/li>\n<li>Saisissez l&rsquo;occasion d&rsquo;\u00e9largir votre champ d&rsquo;action et de vous d\u00e9velopper dans un environnement durable.<\/li>\n<\/ul>\n<p>&nbsp;<\/p>\n\t\t\t\t\t\t\t\t<\/div>\n\t\t\t\t<\/div>\n\t\t\t\t<div class=\"elementor-element elementor-element-e386706 elementor-align-left elementor-mobile-align-center elementor-widget elementor-widget-button\" data-id=\"e386706\" data-element_type=\"widget\" data-widget_type=\"button.default\">\n\t\t\t\t<div class=\"elementor-widget-container\">\n\t\t\t\t\t\t\t\t\t<div class=\"elementor-button-wrapper\">\n\t\t\t\t\t<a class=\"elementor-button elementor-button-link elementor-size-sm\" href=\"https:\/\/www.green-expo.be\/fr\/je-souhaite-devenir-exposant\/#form\">\n\t\t\t\t\t\t<span class=\"elementor-button-content-wrapper\">\n\t\t\t\t\t\t<span class=\"elementor-button-icon\">\n\t\t\t\t<i aria-hidden=\"true\" class=\"fas fa-chevron-right\"><\/i>\t\t\t<\/span>\n\t\t\t\t\t\t\t\t\t<span class=\"elementor-button-text\">Demander concernant les emplacements disponibles <\/span>\n\t\t\t\t\t<\/span>\n\t\t\t\t\t<\/a>\n\t\t\t\t<\/div>\n\t\t\t\t\t\t\t\t<\/div>\n\t\t\t\t<\/div>\n\t\t\t\t\t<\/div>\n\t\t<\/div>\n\t\t\t\t\t<\/div>\n\t\t<\/section>\n\t\t\t\t<section class=\"elementor-section elementor-top-section elementor-element elementor-element-193921d elementor-section-boxed elementor-section-height-default elementor-section-height-default\" data-id=\"193921d\" data-element_type=\"section\" data-settings=\"{&quot;background_background&quot;:&quot;classic&quot;}\">\n\t\t\t\t\t\t<div class=\"elementor-container elementor-column-gap-default\">\n\t\t\t\t\t<div class=\"elementor-column elementor-col-50 elementor-top-column elementor-element elementor-element-6235184\" data-id=\"6235184\" data-element_type=\"column\">\n\t\t\t<div class=\"elementor-widget-wrap elementor-element-populated\">\n\t\t\t\t\t\t<div class=\"elementor-element elementor-element-1ba7908 elementor-widget elementor-widget-video\" data-id=\"1ba7908\" data-element_type=\"widget\" data-settings=\"{&quot;youtube_url&quot;:&quot;https:\\\/\\\/youtu.be\\\/V_iCUyCOePI&quot;,&quot;video_type&quot;:&quot;youtube&quot;,&quot;controls&quot;:&quot;yes&quot;}\" data-widget_type=\"video.default\">\n\t\t\t\t<div class=\"elementor-widget-container\">\n\t\t\t\t\t\t\t<div class=\"elementor-wrapper elementor-open-inline\">\n\t\t\t<div class=\"elementor-video\"><\/div>\t\t<\/div>\n\t\t\t\t\t\t<\/div>\n\t\t\t\t<\/div>\n\t\t\t\t\t<\/div>\n\t\t<\/div>\n\t\t\t\t<div class=\"elementor-column elementor-col-50 elementor-top-column elementor-element elementor-element-701cafc\" data-id=\"701cafc\" data-element_type=\"column\">\n\t\t\t<div class=\"elementor-widget-wrap elementor-element-populated\">\n\t\t\t\t\t\t<div class=\"elementor-element elementor-element-3a85e8f elementor-widget elementor-widget-heading\" data-id=\"3a85e8f\" data-element_type=\"widget\" data-widget_type=\"heading.default\">\n\t\t\t\t<div class=\"elementor-widget-container\">\n\t\t\t\t\t<h5 class=\"elementor-heading-title elementor-size-default\">Trois bonnes raisons d\u2019exposer \u00e0 Green<\/h5>\t\t\t\t<\/div>\n\t\t\t\t<\/div>\n\t\t\t\t<div class=\"elementor-element elementor-element-8b271c3 elementor-widget elementor-widget-text-editor\" data-id=\"8b271c3\" data-element_type=\"widget\" data-widget_type=\"text-editor.default\">\n\t\t\t\t<div class=\"elementor-widget-container\">\n\t\t\t\t\t\t\t\t\t<ol>\n<li>Rencontrer des nouveaux prospects et des clients potentiels<\/li>\n<li>Retrouver des clients existants<\/li>\n<li>Pr\u00e9senter des nouveaux produits \u00e0 un public-cible ayant une expertise<\/li>\n<\/ol>\n\t\t\t\t\t\t\t\t<\/div>\n\t\t\t\t<\/div>\n\t\t\t\t\t<\/div>\n\t\t<\/div>\n\t\t\t\t\t<\/div>\n\t\t<\/section>\n\t\t\t\t<section class=\"elementor-section elementor-top-section elementor-element elementor-element-e1fe718 elementor-section-boxed elementor-section-height-default elementor-section-height-default\" data-id=\"e1fe718\" data-element_type=\"section\">\n\t\t\t\t\t\t<div class=\"elementor-container elementor-column-gap-default\">\n\t\t\t\t\t<div class=\"elementor-column elementor-col-100 elementor-top-column elementor-element elementor-element-3474ce2\" data-id=\"3474ce2\" data-element_type=\"column\">\n\t\t\t<div class=\"elementor-widget-wrap elementor-element-populated\">\n\t\t\t\t\t\t<div class=\"elementor-element elementor-element-fc820af elementor-widget elementor-widget-heading\" data-id=\"fc820af\" data-element_type=\"widget\" data-widget_type=\"heading.default\">\n\t\t\t\t<div class=\"elementor-widget-container\">\n\t\t\t\t\t<h2 class=\"elementor-heading-title elementor-size-default\">Vous souhaitez participer ?<\/h2>\t\t\t\t<\/div>\n\t\t\t\t<\/div>\n\t\t\t\t<div class=\"elementor-element elementor-element-36009bb elementor-position-top elementor-widget elementor-widget-image-box\" data-id=\"36009bb\" data-element_type=\"widget\" data-widget_type=\"image-box.default\">\n\t\t\t\t<div class=\"elementor-widget-container\">\n\t\t\t\t\t<div class=\"elementor-image-box-wrapper\"><figure class=\"elementor-image-box-img\"><img fetchpriority=\"high\" decoding=\"async\" width=\"241\" height=\"300\" src=\"https:\/\/easyfairsassets.com\/sites\/172\/2025\/03\/IMG_20250206_085418-1-1-241x300.jpg\" class=\"attachment-medium size-medium wp-image-41430\" alt=\"\" srcset=\"https:\/\/easyfairsassets.com\/sites\/172\/2025\/03\/IMG_20250206_085418-1-1-241x300.jpg 241w, https:\/\/easyfairsassets.com\/sites\/172\/2025\/03\/elementor\/thumbs\/IMG_20250206_085418-1-1-r3349raawvhm18kvcvn1cl00wtucp51dynjz2o3hl0.jpg 200w, https:\/\/easyfairsassets.com\/sites\/172\/2025\/03\/IMG_20250206_085418-1-1.jpg 445w\" sizes=\"(max-width: 241px) 100vw, 241px\" \/><\/figure><div class=\"elementor-image-box-content\"><h3 class=\"elementor-image-box-title\">Contacter Iris Malcontent<\/h3><p class=\"elementor-image-box-description\">Account manager<br>iris.malcontent@easyfairs.com<br>+32\u00a0497\/59 44 64<\/p><\/div><\/div>\t\t\t\t<\/div>\n\t\t\t\t<\/div>\n\t\t\t\t\t<\/div>\n\t\t<\/div>\n\t\t\t\t\t<\/div>\n\t\t<\/section>\n\t\t\t\t<\/div>\n\t\t","protected":false},"excerpt":{"rendered":"<p>Pourquoi participer \u00e0 Green? Devenir exposant Green 2026 offre un grand potentiel pour les professionnels de l&rsquo;environnement, tant pour le secteur public que pour le secteur priv\u00e9. Le nombre croissant d&rsquo;exposants, \u00e9dition apr\u00e8s \u00e9dition, en est la meilleure preuve. Green est le seul salon professionnel belge complet pour l&rsquo;am\u00e9nagement de jardins et de parcs. Unique [&hellip;]<\/p>\n","protected":false},"author":933,"featured_media":0,"parent":4180,"menu_order":0,"comment_status":"closed","ping_status":"closed","template":"","meta":{"_seopress_robots_primary_cat":"","_seopress_titles_title":"Exposant \u2013 Pourquoi participer | GREEN 2026","_seopress_titles_desc":"Green 2026 offre un grand potentiel au professionnel en espaces verts, tant pour le secteur public que priv\u00e9. Participez en tant qu\u2019exposant et saisissez cette chance de vous d\u00e9velopper dans un environnement durable. ","_seopress_robots_index":"","footnotes":""},"class_list":["post-4183","page","type-page","status-publish","hentry"],"_links":{"self":[{"href":"https:\/\/www.green-expo.be\/fr\/wp-json\/wp\/v2\/pages\/4183","targetHints":{"allow":["GET"]}}],"collection":[{"href":"https:\/\/www.green-expo.be\/fr\/wp-json\/wp\/v2\/pages"}],"about":[{"href":"https:\/\/www.green-expo.be\/fr\/wp-json\/wp\/v2\/types\/page"}],"author":[{"embeddable":true,"href":"https:\/\/www.green-expo.be\/fr\/wp-json\/wp\/v2\/users\/933"}],"replies":[{"embeddable":true,"href":"https:\/\/www.green-expo.be\/fr\/wp-json\/wp\/v2\/comments?post=4183"}],"version-history":[{"count":5,"href":"https:\/\/www.green-expo.be\/fr\/wp-json\/wp\/v2\/pages\/4183\/revisions"}],"predecessor-version":[{"id":44725,"href":"https:\/\/www.green-expo.be\/fr\/wp-json\/wp\/v2\/pages\/4183\/revisions\/44725"}],"up":[{"embeddable":true,"href":"https:\/\/www.green-expo.be\/fr\/wp-json\/wp\/v2\/pages\/4180"}],"wp:attachment":[{"href":"https:\/\/www.green-expo.be\/fr\/wp-json\/wp\/v2\/media?parent=4183"}],"curies":[{"name":"wp","href":"https:\/\/api.w.org\/{rel}","templated":true}]}}