{"id":4189,"date":"2020-05-16T15:12:58","date_gmt":"2020-05-16T13:12:58","guid":{"rendered":"https:\/\/www.green-expo.be\/je-souhaite-devenir-exposant\/quels-visiteurs-attendre\/"},"modified":"2026-04-13T08:25:01","modified_gmt":"2026-04-13T06:25:01","slug":"quels-visiteurs-attendre","status":"publish","type":"page","link":"https:\/\/www.green-expo.be\/fr\/je-souhaite-devenir-exposant\/quels-visiteurs-attendre\/","title":{"rendered":"Quels visiteurs attendre ?"},"content":{"rendered":"\t\t<div data-elementor-type=\"wp-post\" data-elementor-id=\"4189\" class=\"elementor elementor-4189 elementor-3321\" data-elementor-post-type=\"page\">\n\t\t\t\t\t\t<section class=\"elementor-section elementor-top-section elementor-element elementor-element-101bf3f elementor-section-boxed elementor-section-height-default elementor-section-height-default\" data-id=\"101bf3f\" data-element_type=\"section\" data-settings=\"{&quot;background_background&quot;:&quot;classic&quot;,&quot;shape_divider_bottom&quot;:&quot;opacity-tilt&quot;}\">\n\t\t\t\t\t\t\t<div class=\"elementor-background-overlay\"><\/div>\n\t\t\t\t\t\t<div class=\"elementor-shape elementor-shape-bottom\" aria-hidden=\"true\" data-negative=\"false\">\n\t\t\t<svg xmlns=\"http:\/\/www.w3.org\/2000\/svg\" viewBox=\"0 0 2600 131.1\" preserveAspectRatio=\"none\">\n\t<path class=\"elementor-shape-fill\" d=\"M0 0L2600 0 2600 69.1 0 0z\"\/>\n\t<path class=\"elementor-shape-fill\" style=\"opacity:0.5\" d=\"M0 0L2600 0 2600 69.1 0 69.1z\"\/>\n\t<path class=\"elementor-shape-fill\" style=\"opacity:0.25\" d=\"M2600 0L0 0 0 130.1 2600 69.1z\"\/>\n<\/svg>\t\t<\/div>\n\t\t\t\t\t<div class=\"elementor-container elementor-column-gap-default\">\n\t\t\t\t\t<div class=\"elementor-column elementor-col-100 elementor-top-column elementor-element elementor-element-c414f9d\" data-id=\"c414f9d\" data-element_type=\"column\">\n\t\t\t<div class=\"elementor-widget-wrap elementor-element-populated\">\n\t\t\t\t\t\t<div class=\"elementor-element elementor-element-b390d6d elementor-widget elementor-widget-heading\" data-id=\"b390d6d\" data-element_type=\"widget\" data-widget_type=\"heading.default\">\n\t\t\t\t<div class=\"elementor-widget-container\">\n\t\t\t\t\t<h1 class=\"elementor-heading-title elementor-size-xl\">Un haut lieu pour les professionnels en espaces verts<\/h1>\t\t\t\t<\/div>\n\t\t\t\t<\/div>\n\t\t\t\t<div class=\"elementor-element elementor-element-ec3dd17 elementor-align-center elementor-mobile-align-center elementor-widget elementor-widget-button\" data-id=\"ec3dd17\" data-element_type=\"widget\" data-widget_type=\"button.default\">\n\t\t\t\t<div class=\"elementor-widget-container\">\n\t\t\t\t\t\t\t\t\t<div class=\"elementor-button-wrapper\">\n\t\t\t\t\t<a class=\"elementor-button elementor-button-link elementor-size-sm\" href=\"https:\/\/www.green-expo.be\/fr\/je-souhaite-devenir-exposant\/\">\n\t\t\t\t\t\t<span class=\"elementor-button-content-wrapper\">\n\t\t\t\t\t\t<span class=\"elementor-button-icon\">\n\t\t\t\t<i aria-hidden=\"true\" class=\"fas fa-chevron-right\"><\/i>\t\t\t<\/span>\n\t\t\t\t\t\t\t\t\t<span class=\"elementor-button-text\">Demander concernant les emplacements disponibles <\/span>\n\t\t\t\t\t<\/span>\n\t\t\t\t\t<\/a>\n\t\t\t\t<\/div>\n\t\t\t\t\t\t\t\t<\/div>\n\t\t\t\t<\/div>\n\t\t\t\t\t<\/div>\n\t\t<\/div>\n\t\t\t\t\t<\/div>\n\t\t<\/section>\n\t\t\t\t<section class=\"elementor-section elementor-top-section elementor-element elementor-element-6a766f9 elementor-section-boxed elementor-section-height-default elementor-section-height-default\" data-id=\"6a766f9\" data-element_type=\"section\" data-settings=\"{&quot;background_background&quot;:&quot;classic&quot;}\">\n\t\t\t\t\t\t<div class=\"elementor-container elementor-column-gap-default\">\n\t\t\t\t\t<div class=\"elementor-column elementor-col-100 elementor-top-column elementor-element elementor-element-a67d42a\" data-id=\"a67d42a\" data-element_type=\"column\">\n\t\t\t<div class=\"elementor-widget-wrap elementor-element-populated\">\n\t\t\t\t\t\t<div class=\"elementor-element elementor-element-81409a9 elementor-widget elementor-widget-text-editor\" data-id=\"81409a9\" data-element_type=\"widget\" data-widget_type=\"text-editor.default\">\n\t\t\t\t<div class=\"elementor-widget-container\">\n\t\t\t\t\t\t\t\t\t<h2>Green attire les professionnels des parcs et jardins. Un succ\u00e8s qui s&rsquo;explique par de nombreuses raisons. Il s&rsquo;agit en effet d&rsquo;un \u00e9v\u00e9nement unique, qui, pendant trois jours, r\u00e9unit litt\u00e9ralement en un point l&rsquo;ensemble des produits et connaissances disponibles sur le march\u00e9. D\u00e9couvrez ici nos visiteurs.<\/h2>\n\t\t\t\t\t\t\t\t<\/div>\n\t\t\t\t<\/div>\n\t\t\t\t<div class=\"elementor-element elementor-element-d2efe2f elementor-widget elementor-widget-text-editor\" data-id=\"d2efe2f\" data-element_type=\"widget\" data-widget_type=\"text-editor.default\">\n\t\t\t\t<div class=\"elementor-widget-container\">\n\t\t\t\t\t\t\t\t\t<p><strong>Profil des visiteurs et r\u00e9gion<\/strong><\/p>\n\t\t\t\t\t\t\t\t<\/div>\n\t\t\t\t<\/div>\n\t\t\t\t<section class=\"elementor-section elementor-inner-section elementor-element elementor-element-113919d elementor-section-boxed elementor-section-height-default elementor-section-height-default\" data-id=\"113919d\" data-element_type=\"section\">\n\t\t\t\t\t\t<div class=\"elementor-container elementor-column-gap-default\">\n\t\t\t\t\t<div class=\"elementor-column elementor-col-50 elementor-inner-column elementor-element elementor-element-d77b194\" data-id=\"d77b194\" data-element_type=\"column\">\n\t\t\t<div class=\"elementor-widget-wrap elementor-element-populated\">\n\t\t\t\t\t\t<div class=\"elementor-element elementor-element-8f5ab25 elementor-widget elementor-widget-image\" data-id=\"8f5ab25\" data-element_type=\"widget\" data-widget_type=\"image.default\">\n\t\t\t\t<div class=\"elementor-widget-container\">\n\t\t\t\t\t\t\t\t\t\t\t\t\t\t\t<img fetchpriority=\"high\" decoding=\"async\" width=\"486\" height=\"384\" src=\"https:\/\/easyfairsassets.com\/sites\/172\/2025\/11\/GREEN2026_salesflyer.png\" class=\"attachment-medium_large size-medium_large wp-image-43727\" alt=\"Green provincies\" srcset=\"https:\/\/easyfairsassets.com\/sites\/172\/2025\/11\/GREEN2026_salesflyer.png 486w, https:\/\/easyfairsassets.com\/sites\/172\/2025\/11\/GREEN2026_salesflyer-300x237.png 300w\" sizes=\"(max-width: 486px) 100vw, 486px\" \/>\t\t\t\t\t\t\t\t\t\t\t\t\t\t\t<\/div>\n\t\t\t\t<\/div>\n\t\t\t\t\t<\/div>\n\t\t<\/div>\n\t\t\t\t<div class=\"elementor-column elementor-col-50 elementor-inner-column elementor-element elementor-element-7301656\" data-id=\"7301656\" data-element_type=\"column\">\n\t\t\t<div class=\"elementor-widget-wrap elementor-element-populated\">\n\t\t\t\t\t\t<div class=\"elementor-element elementor-element-f0ac452 elementor-widget elementor-widget-image\" data-id=\"f0ac452\" data-element_type=\"widget\" data-widget_type=\"image.default\">\n\t\t\t\t<div class=\"elementor-widget-container\">\n\t\t\t\t\t\t\t\t\t\t\t\t\t\t\t<img decoding=\"async\" width=\"768\" height=\"768\" src=\"https:\/\/easyfairsassets.com\/sites\/172\/2025\/11\/Green-bezoekers-1-768x768.png\" class=\"attachment-medium_large size-medium_large wp-image-43737\" alt=\"Green bezoekers\" srcset=\"https:\/\/easyfairsassets.com\/sites\/172\/2025\/11\/Green-bezoekers-1-768x768.png 768w, https:\/\/easyfairsassets.com\/sites\/172\/2025\/11\/Green-bezoekers-1-300x300.png 300w, https:\/\/easyfairsassets.com\/sites\/172\/2025\/11\/Green-bezoekers-1-1024x1024.png 1024w, https:\/\/easyfairsassets.com\/sites\/172\/2025\/11\/Green-bezoekers-1-150x150.png 150w, https:\/\/easyfairsassets.com\/sites\/172\/2025\/11\/Green-bezoekers-1.png 1080w\" sizes=\"(max-width: 768px) 100vw, 768px\" \/>\t\t\t\t\t\t\t\t\t\t\t\t\t\t\t<\/div>\n\t\t\t\t<\/div>\n\t\t\t\t\t<\/div>\n\t\t<\/div>\n\t\t\t\t\t<\/div>\n\t\t<\/section>\n\t\t\t\t\t<\/div>\n\t\t<\/div>\n\t\t\t\t\t<\/div>\n\t\t<\/section>\n\t\t\t\t<section class=\"elementor-section elementor-top-section elementor-element elementor-element-aef6515 elementor-section-boxed elementor-section-height-default elementor-section-height-default\" data-id=\"aef6515\" data-element_type=\"section\">\n\t\t\t\t\t\t<div class=\"elementor-container elementor-column-gap-default\">\n\t\t\t\t\t<div class=\"elementor-column elementor-col-50 elementor-top-column elementor-element elementor-element-ecdec85\" data-id=\"ecdec85\" data-element_type=\"column\">\n\t\t\t<div class=\"elementor-widget-wrap elementor-element-populated\">\n\t\t\t\t\t\t<div class=\"elementor-element elementor-element-2fe7cdd elementor-flip-box--effect-fade elementor-widget elementor-widget-flip-box\" data-id=\"2fe7cdd\" data-element_type=\"widget\" data-widget_type=\"flip-box.default\">\n\t\t\t\t<div class=\"elementor-widget-container\">\n\t\t\t\t\t\t\t<div class=\"elementor-flip-box\" tabindex=\"0\">\n\t\t\t<div class=\"elementor-flip-box__layer elementor-flip-box__front\">\n\t\t\t\t<div class=\"elementor-flip-box__layer__overlay\">\n\t\t\t\t\t<div class=\"elementor-flip-box__layer__inner\">\n\t\t\t\t\t\t\n\t\t\t\t\t\t\t\t\t\t\t\t\t<h3 class=\"elementor-flip-box__layer__title\">\n\t\t\t\t\t\t\t\tPourquoi participer\u00a0?\t\t\t\t\t\t\t<\/h3>\n\t\t\t\t\t\t\n\t\t\t\t\t\t\t\t\t\t\t\t\t<div class=\"elementor-flip-box__layer__description\">\n\t\t\t\t\t\t\t\t&gt;\t\t\t\t\t\t\t<\/div>\n\t\t\t\t\t\t\t\t\t\t\t<\/div>\n\t\t\t\t<\/div>\n\t\t\t<\/div>\n\t\t\t<a class=\"elementor-flip-box__layer elementor-flip-box__back\" href=\"https:\/\/www.green-expo.be\/fr\/je-souhaite-devenir-exposant\/pourquoi-participer\/\">\n\t\t\t<div class=\"elementor-flip-box__layer__overlay\">\n\t\t\t\t<div class=\"elementor-flip-box__layer__inner\">\n\t\t\t\t\t\t\t\t\t\t\t<h3 class=\"elementor-flip-box__layer__title\">\n\t\t\t\t\t\t\tPourquoi participer\u00a0?\t\t\t\t\t\t<\/h3>\n\t\t\t\t\t\n\t\t\t\t\t\t\t\t\t\t\t<div class=\"elementor-flip-box__layer__description\">\n\t\t\t\t\t\t\t&gt;\t\t\t\t\t\t<\/div>\n\t\t\t\t\t\n\t\t\t\t\t\t\t\t<\/div>\n\t\t<\/div>\n\t\t<\/a>\n\t\t<\/div>\n\t\t\t\t\t\t<\/div>\n\t\t\t\t<\/div>\n\t\t\t\t\t<\/div>\n\t\t<\/div>\n\t\t\t\t<div class=\"elementor-column elementor-col-50 elementor-top-column elementor-element elementor-element-2183e4c\" data-id=\"2183e4c\" data-element_type=\"column\">\n\t\t\t<div class=\"elementor-widget-wrap elementor-element-populated\">\n\t\t\t\t\t\t<div class=\"elementor-element elementor-element-e831060 elementor-flip-box--effect-fade elementor-widget elementor-widget-flip-box\" data-id=\"e831060\" data-element_type=\"widget\" data-widget_type=\"flip-box.default\">\n\t\t\t\t<div class=\"elementor-widget-container\">\n\t\t\t\t\t\t\t<div class=\"elementor-flip-box\" tabindex=\"0\">\n\t\t\t<div class=\"elementor-flip-box__layer elementor-flip-box__front\">\n\t\t\t\t<div class=\"elementor-flip-box__layer__overlay\">\n\t\t\t\t\t<div class=\"elementor-flip-box__layer__inner\">\n\t\t\t\t\t\t\n\t\t\t\t\t\t\t\t\t\t\t\t\t<h3 class=\"elementor-flip-box__layer__title\">\n\t\t\t\t\t\t\t\tPlus d'infos sur les stands disponibles ?\t\t\t\t\t\t\t<\/h3>\n\t\t\t\t\t\t\n\t\t\t\t\t\t\t\t\t\t\t\t\t<div class=\"elementor-flip-box__layer__description\">\n\t\t\t\t\t\t\t\t&gt;\t\t\t\t\t\t\t<\/div>\n\t\t\t\t\t\t\t\t\t\t\t<\/div>\n\t\t\t\t<\/div>\n\t\t\t<\/div>\n\t\t\t<a class=\"elementor-flip-box__layer elementor-flip-box__back\" href=\"https:\/\/www.green-expo.be\/fr\/je-souhaite-devenir-exposant\/#form\">\n\t\t\t<div class=\"elementor-flip-box__layer__overlay\">\n\t\t\t\t<div class=\"elementor-flip-box__layer__inner\">\n\t\t\t\t\t\t\t\t\t\t\t<h3 class=\"elementor-flip-box__layer__title\">\n\t\t\t\t\t\t\tPlus d'infos sur les stands disponibles ?\t\t\t\t\t\t<\/h3>\n\t\t\t\t\t\n\t\t\t\t\t\t\t\t\t\t\t<div class=\"elementor-flip-box__layer__description\">\n\t\t\t\t\t\t\t&gt;\t\t\t\t\t\t<\/div>\n\t\t\t\t\t\n\t\t\t\t\t\t\t\t<\/div>\n\t\t<\/div>\n\t\t<\/a>\n\t\t<\/div>\n\t\t\t\t\t\t<\/div>\n\t\t\t\t<\/div>\n\t\t\t\t\t<\/div>\n\t\t<\/div>\n\t\t\t\t\t<\/div>\n\t\t<\/section>\n\t\t\t\t<\/div>\n\t\t","protected":false},"excerpt":{"rendered":"<p>Un haut lieu pour les professionnels en espaces verts Demander concernant les emplacements disponibles Green attire les professionnels des parcs et jardins. Un succ\u00e8s qui s&rsquo;explique par de nombreuses raisons. Il s&rsquo;agit en effet d&rsquo;un \u00e9v\u00e9nement unique, qui, pendant trois jours, r\u00e9unit litt\u00e9ralement en un point l&rsquo;ensemble des produits et connaissances disponibles sur le march\u00e9. [&hellip;]<\/p>\n","protected":false},"author":933,"featured_media":0,"parent":4180,"menu_order":0,"comment_status":"closed","ping_status":"closed","template":"","meta":{"_seopress_robots_primary_cat":"","_seopress_titles_title":"Exposant \u2013 Quels visiteurs attendre | GREEN 2026","_seopress_titles_desc":"Green est un aimant qui attire plus de 10.000 professionnels en espaces verts. Les visiteurs sont des entrepreneurs de jardins, des services (publics) d\u2019am\u00e9nagement paysager, des architectes de jardins et des paysagistes, et des d\u00e9taillants. ","_seopress_robots_index":"","footnotes":""},"class_list":["post-4189","page","type-page","status-publish","hentry"],"_links":{"self":[{"href":"https:\/\/www.green-expo.be\/fr\/wp-json\/wp\/v2\/pages\/4189","targetHints":{"allow":["GET"]}}],"collection":[{"href":"https:\/\/www.green-expo.be\/fr\/wp-json\/wp\/v2\/pages"}],"about":[{"href":"https:\/\/www.green-expo.be\/fr\/wp-json\/wp\/v2\/types\/page"}],"author":[{"embeddable":true,"href":"https:\/\/www.green-expo.be\/fr\/wp-json\/wp\/v2\/users\/933"}],"replies":[{"embeddable":true,"href":"https:\/\/www.green-expo.be\/fr\/wp-json\/wp\/v2\/comments?post=4189"}],"version-history":[{"count":5,"href":"https:\/\/www.green-expo.be\/fr\/wp-json\/wp\/v2\/pages\/4189\/revisions"}],"predecessor-version":[{"id":44726,"href":"https:\/\/www.green-expo.be\/fr\/wp-json\/wp\/v2\/pages\/4189\/revisions\/44726"}],"up":[{"embeddable":true,"href":"https:\/\/www.green-expo.be\/fr\/wp-json\/wp\/v2\/pages\/4180"}],"wp:attachment":[{"href":"https:\/\/www.green-expo.be\/fr\/wp-json\/wp\/v2\/media?parent=4189"}],"curies":[{"name":"wp","href":"https:\/\/api.w.org\/{rel}","templated":true}]}}