{"id":4202,"date":"2020-05-16T15:25:51","date_gmt":"2020-05-16T13:25:51","guid":{"rendered":"https:\/\/www.green-expo.be\/presse\/"},"modified":"2023-10-31T10:06:31","modified_gmt":"2023-10-31T09:06:31","slug":"presse","status":"publish","type":"page","link":"https:\/\/www.green-expo.be\/fr\/informations-pratiques\/presse\/","title":{"rendered":"presse"},"content":{"rendered":"\t\t<div data-elementor-type=\"wp-post\" data-elementor-id=\"4202\" class=\"elementor elementor-4202 elementor-229\" data-elementor-post-type=\"page\">\n\t\t\t\t\t\t<section class=\"elementor-section elementor-top-section elementor-element elementor-element-3763c97c elementor-section-height-min-height elementor-section-content-middle elementor-section-boxed elementor-section-height-default elementor-section-items-middle\" data-id=\"3763c97c\" data-element_type=\"section\" data-settings=\"{&quot;background_background&quot;:&quot;classic&quot;,&quot;shape_divider_bottom&quot;:&quot;tilt&quot;}\">\n\t\t\t\t\t\t\t<div class=\"elementor-background-overlay\"><\/div>\n\t\t\t\t\t\t<div class=\"elementor-shape elementor-shape-bottom\" aria-hidden=\"true\" data-negative=\"false\">\n\t\t\t<svg xmlns=\"http:\/\/www.w3.org\/2000\/svg\" viewBox=\"0 0 1000 100\" preserveAspectRatio=\"none\">\n\t<path class=\"elementor-shape-fill\" d=\"M0,6V0h1000v100L0,6z\"\/>\n<\/svg>\t\t<\/div>\n\t\t\t\t\t<div class=\"elementor-container elementor-column-gap-no\">\n\t\t\t\t\t<div class=\"elementor-column elementor-col-100 elementor-top-column elementor-element elementor-element-4d367b19\" data-id=\"4d367b19\" data-element_type=\"column\">\n\t\t\t<div class=\"elementor-widget-wrap elementor-element-populated\">\n\t\t\t\t\t\t<div class=\"elementor-element elementor-element-36ee70e0 elementor-widget elementor-widget-heading\" data-id=\"36ee70e0\" data-element_type=\"widget\" data-widget_type=\"heading.default\">\n\t\t\t\t<div class=\"elementor-widget-container\">\n\t\t\t\t\t<h2 class=\"elementor-heading-title elementor-size-xl\">PRESSE<\/h2>\t\t\t\t<\/div>\n\t\t\t\t<\/div>\n\t\t\t\t\t<\/div>\n\t\t<\/div>\n\t\t\t\t\t<\/div>\n\t\t<\/section>\n\t\t\t\t<section class=\"elementor-section elementor-top-section elementor-element elementor-element-e818abf elementor-section-boxed elementor-section-height-default elementor-section-height-default\" data-id=\"e818abf\" data-element_type=\"section\">\n\t\t\t\t\t\t<div class=\"elementor-container elementor-column-gap-wider\">\n\t\t\t\t\t<div class=\"elementor-column elementor-col-50 elementor-top-column elementor-element elementor-element-0e50c9d\" data-id=\"0e50c9d\" data-element_type=\"column\">\n\t\t\t<div class=\"elementor-widget-wrap elementor-element-populated\">\n\t\t\t\t\t\t<div class=\"elementor-element elementor-element-28dfd00 elementor-view-stacked elementor-position-left elementor-shape-circle elementor-mobile-position-top elementor-widget elementor-widget-icon-box\" data-id=\"28dfd00\" data-element_type=\"widget\" data-widget_type=\"icon-box.default\">\n\t\t\t\t<div class=\"elementor-widget-container\">\n\t\t\t\t\t\t\t<div class=\"elementor-icon-box-wrapper\">\n\n\t\t\t\t\t\t<div class=\"elementor-icon-box-icon\">\n\t\t\t\t<a href=\"mailto:info@green-expo.be\" class=\"elementor-icon\" tabindex=\"-1\" aria-label=\"Contacte de presse\">\n\t\t\t\t<i aria-hidden=\"true\" class=\"fas fa-envelope\"><\/i>\t\t\t\t<\/a>\n\t\t\t<\/div>\n\t\t\t\n\t\t\t\t\t\t<div class=\"elementor-icon-box-content\">\n\n\t\t\t\t\t\t\t\t\t<h3 class=\"elementor-icon-box-title\">\n\t\t\t\t\t\t<a href=\"mailto:info@green-expo.be\" >\n\t\t\t\t\t\t\tContacte de presse\t\t\t\t\t\t<\/a>\n\t\t\t\t\t<\/h3>\n\t\t\t\t\n\t\t\t\t\t\t\t\t\t<p class=\"elementor-icon-box-description\">\n\t\t\t\t\t\tSouhaitez-vous une accr\u00e9ditation presse? Vous recherchez des photos haute r\u00e9solution? Avez-vous une autre question sp\u00e9cifique? Envoyez un e-mail \u00e0 info@green-expo.be.\t\t\t\t\t<\/p>\n\t\t\t\t\n\t\t\t<\/div>\n\t\t\t\n\t\t<\/div>\n\t\t\t\t\t\t<\/div>\n\t\t\t\t<\/div>\n\t\t\t\t<div class=\"elementor-element elementor-element-0240282 elementor-widget elementor-widget-spacer\" data-id=\"0240282\" data-element_type=\"widget\" data-widget_type=\"spacer.default\">\n\t\t\t\t<div class=\"elementor-widget-container\">\n\t\t\t\t\t\t\t<div class=\"elementor-spacer\">\n\t\t\t<div class=\"elementor-spacer-inner\"><\/div>\n\t\t<\/div>\n\t\t\t\t\t\t<\/div>\n\t\t\t\t<\/div>\n\t\t\t\t<div class=\"elementor-element elementor-element-d60b585 elementor-view-stacked elementor-position-left elementor-shape-circle elementor-mobile-position-top elementor-widget elementor-widget-icon-box\" data-id=\"d60b585\" data-element_type=\"widget\" data-widget_type=\"icon-box.default\">\n\t\t\t\t<div class=\"elementor-widget-container\">\n\t\t\t\t\t\t\t<div class=\"elementor-icon-box-wrapper\">\n\n\t\t\t\t\t\t<div class=\"elementor-icon-box-icon\">\n\t\t\t\t<span  class=\"elementor-icon\">\n\t\t\t\t<i aria-hidden=\"true\" class=\"fas fa-download\"><\/i>\t\t\t\t<\/span>\n\t\t\t<\/div>\n\t\t\t\n\t\t\t\t\t\t<div class=\"elementor-icon-box-content\">\n\n\t\t\t\t\t\t\t\t\t<h3 class=\"elementor-icon-box-title\">\n\t\t\t\t\t\t<span  >\n\t\t\t\t\t\t\tDownloads\t\t\t\t\t\t<\/span>\n\t\t\t\t\t<\/h3>\n\t\t\t\t\n\t\t\t\t\t\t\t\t\t<p class=\"elementor-icon-box-description\">\n\t\t\t\t\t\tT\u00e9l\u00e9chargez ici les logos, banni\u00e8res, brochures etc de Green.\t\t\t\t\t<\/p>\n\t\t\t\t\n\t\t\t<\/div>\n\t\t\t\n\t\t<\/div>\n\t\t\t\t\t\t<\/div>\n\t\t\t\t<\/div>\n\t\t\t\t\t<\/div>\n\t\t<\/div>\n\t\t\t\t<div class=\"elementor-column elementor-col-50 elementor-top-column elementor-element elementor-element-173b6c3\" data-id=\"173b6c3\" data-element_type=\"column\">\n\t\t\t<div class=\"elementor-widget-wrap elementor-element-populated\">\n\t\t\t\t\t\t<div class=\"elementor-element elementor-element-5bb6ee2 elementor-view-stacked elementor-position-left elementor-shape-circle elementor-mobile-position-top elementor-widget elementor-widget-icon-box\" data-id=\"5bb6ee2\" data-element_type=\"widget\" data-widget_type=\"icon-box.default\">\n\t\t\t\t<div class=\"elementor-widget-container\">\n\t\t\t\t\t\t\t<div class=\"elementor-icon-box-wrapper\">\n\n\t\t\t\t\t\t<div class=\"elementor-icon-box-icon\">\n\t\t\t\t<span  class=\"elementor-icon\">\n\t\t\t\t<i class=\"fa fa-newspaper-o\" aria-hidden=\"true\"><\/i>\t\t\t\t<\/span>\n\t\t\t<\/div>\n\t\t\t\n\t\t\t\t\t\t<div class=\"elementor-icon-box-content\">\n\n\t\t\t\t\t\t\t\t\t<h3 class=\"elementor-icon-box-title\">\n\t\t\t\t\t\t<span  >\n\t\t\t\t\t\t\tNewsletter\t\t\t\t\t\t<\/span>\n\t\t\t\t\t<\/h3>\n\t\t\t\t\n\t\t\t\t\t\t\t\t\t<p class=\"elementor-icon-box-description\">\n\t\t\t\t\t\tAbonnez-vous \u00e0 notre newsletter et restez inform\u00e9 de notre programme, partenaires et exposants. Il y a environ 6 newsletters par an.\t\t\t\t\t<\/p>\n\t\t\t\t\n\t\t\t<\/div>\n\t\t\t\n\t\t<\/div>\n\t\t\t\t\t\t<\/div>\n\t\t\t\t<\/div>\n\t\t\t\t<div class=\"elementor-element elementor-element-83594b0 elementor-hidden-tablet elementor-hidden-phone elementor-widget elementor-widget-spacer\" data-id=\"83594b0\" data-element_type=\"widget\" data-widget_type=\"spacer.default\">\n\t\t\t\t<div class=\"elementor-widget-container\">\n\t\t\t\t\t\t\t<div class=\"elementor-spacer\">\n\t\t\t<div class=\"elementor-spacer-inner\"><\/div>\n\t\t<\/div>\n\t\t\t\t\t\t<\/div>\n\t\t\t\t<\/div>\n\t\t\t\t<div class=\"elementor-element elementor-element-755b60b elementor-align-left elementor-icon-list--layout-traditional elementor-list-item-link-full_width elementor-widget elementor-widget-icon-list\" data-id=\"755b60b\" data-element_type=\"widget\" data-widget_type=\"icon-list.default\">\n\t\t\t\t<div class=\"elementor-widget-container\">\n\t\t\t\t\t\t\t<ul class=\"elementor-icon-list-items\">\n\t\t\t\t\t\t\t<li class=\"elementor-icon-list-item\">\n\t\t\t\t\t\t\t\t\t\t\t<a href=\"https:\/\/green.easyfairs.events\/wp-content\/uploads\/sites\/64\/2020\/09\/GRE22-logo-CMYK-baseline-groen.jpg\">\n\n\t\t\t\t\t\t\t\t\t\t\t\t<span class=\"elementor-icon-list-icon\">\n\t\t\t\t\t\t\t<i aria-hidden=\"true\" class=\"fas fa-arrow-circle-down\"><\/i>\t\t\t\t\t\t<\/span>\n\t\t\t\t\t\t\t\t\t\t<span class=\"elementor-icon-list-text\">Logo pack<\/span>\n\t\t\t\t\t\t\t\t\t\t\t<\/a>\n\t\t\t\t\t\t\t\t\t<\/li>\n\t\t\t\t\t\t\t\t<li class=\"elementor-icon-list-item\">\n\t\t\t\t\t\t\t\t\t\t\t<a href=\"https:\/\/www.green-expo.be\/wp-content\/uploads\/sites\/172\/2023\/10\/GRE24-banner-General_6.jpg\">\n\n\t\t\t\t\t\t\t\t\t\t\t\t<span class=\"elementor-icon-list-icon\">\n\t\t\t\t\t\t\t<i aria-hidden=\"true\" class=\"fas fa-arrow-circle-down\"><\/i>\t\t\t\t\t\t<\/span>\n\t\t\t\t\t\t\t\t\t\t<span class=\"elementor-icon-list-text\">Banni\u00e8re<\/span>\n\t\t\t\t\t\t\t\t\t\t\t<\/a>\n\t\t\t\t\t\t\t\t\t<\/li>\n\t\t\t\t\t\t\t\t<li class=\"elementor-icon-list-item\">\n\t\t\t\t\t\t\t\t\t\t\t<a href=\"https:\/\/green.easyfairs.events\/wp-content\/uploads\/sites\/64\/2020\/09\/Communique-de-presse-Green-1-septembre.pdf\">\n\n\t\t\t\t\t\t\t\t\t\t\t\t<span class=\"elementor-icon-list-icon\">\n\t\t\t\t\t\t\t<i aria-hidden=\"true\" class=\"fas fa-arrow-circle-down\"><\/i>\t\t\t\t\t\t<\/span>\n\t\t\t\t\t\t\t\t\t\t<span class=\"elementor-icon-list-text\">Communiqu\u00e9 de presse 13\/09<\/span>\n\t\t\t\t\t\t\t\t\t\t\t<\/a>\n\t\t\t\t\t\t\t\t\t<\/li>\n\t\t\t\t\t\t<\/ul>\n\t\t\t\t\t\t<\/div>\n\t\t\t\t<\/div>\n\t\t\t\t\t<\/div>\n\t\t<\/div>\n\t\t\t\t\t<\/div>\n\t\t<\/section>\n\t\t\t\t<section class=\"elementor-section elementor-top-section elementor-element elementor-element-04f4e5e elementor-section-boxed elementor-section-height-default elementor-section-height-default\" data-id=\"04f4e5e\" data-element_type=\"section\">\n\t\t\t\t\t\t<div class=\"elementor-container elementor-column-gap-wider\">\n\t\t\t\t\t<div class=\"elementor-column elementor-col-100 elementor-top-column elementor-element elementor-element-16c3838\" data-id=\"16c3838\" data-element_type=\"column\">\n\t\t\t<div class=\"elementor-widget-wrap elementor-element-populated\">\n\t\t\t\t\t\t<div class=\"elementor-element elementor-element-0beceaa elementor-view-stacked elementor-position-left elementor-shape-circle elementor-mobile-position-top elementor-widget elementor-widget-icon-box\" data-id=\"0beceaa\" data-element_type=\"widget\" data-widget_type=\"icon-box.default\">\n\t\t\t\t<div class=\"elementor-widget-container\">\n\t\t\t\t\t\t\t<div class=\"elementor-icon-box-wrapper\">\n\n\t\t\t\t\t\t<div class=\"elementor-icon-box-icon\">\n\t\t\t\t<span  class=\"elementor-icon\">\n\t\t\t\t<i aria-hidden=\"true\" class=\"fas fa-video\"><\/i>\t\t\t\t<\/span>\n\t\t\t<\/div>\n\t\t\t\n\t\t\t\t\t\t<div class=\"elementor-icon-box-content\">\n\n\t\t\t\t\t\t\t\t\t<h3 class=\"elementor-icon-box-title\">\n\t\t\t\t\t\t<span  >\n\t\t\t\t\t\t\tImagerie\t\t\t\t\t\t<\/span>\n\t\t\t\t\t<\/h3>\n\t\t\t\t\n\t\t\t\t\t\t\t\t\t<p class=\"elementor-icon-box-description\">\n\t\t\t\t\t\tImagerie de Green 2022. Vous recherchez photos en haute r\u00e9solution ? Envoyez un e-mail \u00e0 info@green-expo.be.\t\t\t\t\t<\/p>\n\t\t\t\t\n\t\t\t<\/div>\n\t\t\t\n\t\t<\/div>\n\t\t\t\t\t\t<\/div>\n\t\t\t\t<\/div>\n\t\t\t\t\t<\/div>\n\t\t<\/div>\n\t\t\t\t\t<\/div>\n\t\t<\/section>\n\t\t\t\t<section class=\"elementor-section elementor-top-section elementor-element elementor-element-d4e133d elementor-section-boxed elementor-section-height-default elementor-section-height-default\" data-id=\"d4e133d\" data-element_type=\"section\">\n\t\t\t\t\t\t<div class=\"elementor-container elementor-column-gap-default\">\n\t\t\t\t\t<div class=\"elementor-column elementor-col-100 elementor-top-column elementor-element elementor-element-03d61db\" data-id=\"03d61db\" data-element_type=\"column\">\n\t\t\t<div class=\"elementor-widget-wrap elementor-element-populated\">\n\t\t\t\t\t\t<div class=\"elementor-element elementor-element-e4dc74b elementor-widget elementor-widget-video\" data-id=\"e4dc74b\" data-element_type=\"widget\" data-settings=\"{&quot;youtube_url&quot;:&quot;https:\\\/\\\/youtu.be\\\/V_iCUyCOePI&quot;,&quot;show_image_overlay&quot;:&quot;yes&quot;,&quot;image_overlay&quot;:{&quot;url&quot;:&quot;https:\\\/\\\/www.green-expo.be\\\/wp-content\\\/uploads\\\/sites\\\/172\\\/2022\\\/10\\\/LOWRES-IC9C7601.jpg&quot;,&quot;id&quot;:19457,&quot;size&quot;:&quot;&quot;,&quot;alt&quot;:&quot;&quot;,&quot;source&quot;:&quot;library&quot;},&quot;video_type&quot;:&quot;youtube&quot;}\" data-widget_type=\"video.default\">\n\t\t\t\t<div class=\"elementor-widget-container\">\n\t\t\t\t\t\t\t<div class=\"elementor-wrapper elementor-open-inline\">\n\t\t\t<div class=\"elementor-video\"><\/div>\t\t\t\t<div class=\"elementor-custom-embed-image-overlay\" style=\"background-image: url(https:\/\/easyfairsassets.com\/sites\/172\/2022\/10\/LOWRES-IC9C7601.jpg);\">\n\t\t\t\t\t\t\t\t\t\t\t\t\t\t\t\t<div class=\"elementor-custom-embed-play\" role=\"button\" aria-label=\"Lire la vid\u00e9o\" tabindex=\"0\">\n\t\t\t\t\t\t\t<i aria-hidden=\"true\" class=\"eicon-play\"><\/i>\t\t\t\t\t\t<\/div>\n\t\t\t\t\t\t\t\t\t<\/div>\n\t\t\t\t\t<\/div>\n\t\t\t\t\t\t<\/div>\n\t\t\t\t<\/div>\n\t\t\t\t<div class=\"elementor-element elementor-element-0d8acdb elementor-widget elementor-widget-image-gallery\" data-id=\"0d8acdb\" data-element_type=\"widget\" data-widget_type=\"image-gallery.default\">\n\t\t\t\t<div class=\"elementor-widget-container\">\n\t\t\t\t\t\t\t<div class=\"elementor-image-gallery\">\n\t\t\t<div id='gallery-1' class='gallery galleryid-4202 gallery-columns-2 gallery-size-medium_large'><figure class='gallery-item'>\n\t\t\t<div class='gallery-icon landscape'>\n\t\t\t\t<img fetchpriority=\"high\" decoding=\"async\" width=\"768\" height=\"510\" src=\"https:\/\/easyfairsassets.com\/sites\/172\/2019\/07\/Schermafbeelding-2019-07-09-om-14.15.59-768x510.png\" class=\"attachment-medium_large size-medium_large\" alt=\"\" srcset=\"https:\/\/easyfairsassets.com\/sites\/172\/2019\/07\/Schermafbeelding-2019-07-09-om-14.15.59-768x510.png 768w, https:\/\/easyfairsassets.com\/sites\/172\/2019\/07\/Schermafbeelding-2019-07-09-om-14.15.59-300x199.png 300w, https:\/\/easyfairsassets.com\/sites\/172\/2019\/07\/Schermafbeelding-2019-07-09-om-14.15.59-1024x679.png 1024w, https:\/\/easyfairsassets.com\/sites\/172\/2019\/07\/Schermafbeelding-2019-07-09-om-14.15.59.png 1028w\" sizes=\"(max-width: 768px) 100vw, 768px\" \/>\n\t\t\t<\/div><\/figure><figure class='gallery-item'>\n\t\t\t<div class='gallery-icon landscape'>\n\t\t\t\t<img decoding=\"async\" width=\"768\" height=\"510\" src=\"https:\/\/easyfairsassets.com\/sites\/172\/2019\/07\/Schermafbeelding-2019-07-09-om-14.16.09-768x510.png\" class=\"attachment-medium_large size-medium_large\" alt=\"\" srcset=\"https:\/\/easyfairsassets.com\/sites\/172\/2019\/07\/Schermafbeelding-2019-07-09-om-14.16.09-768x510.png 768w, https:\/\/easyfairsassets.com\/sites\/172\/2019\/07\/Schermafbeelding-2019-07-09-om-14.16.09-300x199.png 300w, https:\/\/easyfairsassets.com\/sites\/172\/2019\/07\/Schermafbeelding-2019-07-09-om-14.16.09-1024x679.png 1024w, https:\/\/easyfairsassets.com\/sites\/172\/2019\/07\/Schermafbeelding-2019-07-09-om-14.16.09.png 1028w\" sizes=\"(max-width: 768px) 100vw, 768px\" \/>\n\t\t\t<\/div><\/figure><figure class='gallery-item'>\n\t\t\t<div class='gallery-icon landscape'>\n\t\t\t\t<img decoding=\"async\" width=\"768\" height=\"512\" src=\"https:\/\/easyfairsassets.com\/sites\/172\/2019\/07\/Schermafbeelding-2019-07-09-om-12.29.10-768x512.png\" class=\"attachment-medium_large size-medium_large\" alt=\"\" srcset=\"https:\/\/easyfairsassets.com\/sites\/172\/2019\/07\/Schermafbeelding-2019-07-09-om-12.29.10-768x512.png 768w, https:\/\/easyfairsassets.com\/sites\/172\/2019\/07\/Schermafbeelding-2019-07-09-om-12.29.10-300x200.png 300w, https:\/\/easyfairsassets.com\/sites\/172\/2019\/07\/Schermafbeelding-2019-07-09-om-12.29.10.png 1024w\" sizes=\"(max-width: 768px) 100vw, 768px\" \/>\n\t\t\t<\/div><\/figure><figure class='gallery-item'>\n\t\t\t<div class='gallery-icon landscape'>\n\t\t\t\t<img loading=\"lazy\" decoding=\"async\" width=\"768\" height=\"540\" src=\"https:\/\/easyfairsassets.com\/sites\/172\/2019\/07\/Schermafbeelding-2019-07-09-om-11.25.09-768x540.png\" class=\"attachment-medium_large size-medium_large\" alt=\"\" srcset=\"https:\/\/easyfairsassets.com\/sites\/172\/2019\/07\/Schermafbeelding-2019-07-09-om-11.25.09-768x540.png 768w, https:\/\/easyfairsassets.com\/sites\/172\/2019\/07\/Schermafbeelding-2019-07-09-om-11.25.09-300x211.png 300w, https:\/\/easyfairsassets.com\/sites\/172\/2019\/07\/Schermafbeelding-2019-07-09-om-11.25.09.png 958w\" sizes=\"(max-width: 768px) 100vw, 768px\" \/>\n\t\t\t<\/div><\/figure><figure class='gallery-item'>\n\t\t\t<div class='gallery-icon landscape'>\n\t\t\t\t<img loading=\"lazy\" decoding=\"async\" width=\"768\" height=\"510\" src=\"https:\/\/easyfairsassets.com\/sites\/172\/2019\/07\/Schermafbeelding-2019-07-09-om-11.55.04-768x510.png\" class=\"attachment-medium_large size-medium_large\" alt=\"\" srcset=\"https:\/\/easyfairsassets.com\/sites\/172\/2019\/07\/Schermafbeelding-2019-07-09-om-11.55.04-768x510.png 768w, https:\/\/easyfairsassets.com\/sites\/172\/2019\/07\/Schermafbeelding-2019-07-09-om-11.55.04-300x199.png 300w, https:\/\/easyfairsassets.com\/sites\/172\/2019\/07\/Schermafbeelding-2019-07-09-om-11.55.04.png 1024w\" sizes=\"(max-width: 768px) 100vw, 768px\" \/>\n\t\t\t<\/div><\/figure><figure class='gallery-item'>\n\t\t\t<div class='gallery-icon landscape'>\n\t\t\t\t<img loading=\"lazy\" decoding=\"async\" width=\"768\" height=\"509\" src=\"https:\/\/easyfairsassets.com\/sites\/172\/2019\/07\/Schermafbeelding-2019-07-09-om-11.21.38-768x509.png\" class=\"attachment-medium_large size-medium_large\" alt=\"\" srcset=\"https:\/\/easyfairsassets.com\/sites\/172\/2019\/07\/Schermafbeelding-2019-07-09-om-11.21.38-768x509.png 768w, https:\/\/easyfairsassets.com\/sites\/172\/2019\/07\/Schermafbeelding-2019-07-09-om-11.21.38-300x199.png 300w, https:\/\/easyfairsassets.com\/sites\/172\/2019\/07\/Schermafbeelding-2019-07-09-om-11.21.38.png 1013w\" sizes=\"(max-width: 768px) 100vw, 768px\" \/>\n\t\t\t<\/div><\/figure><figure class='gallery-item'>\n\t\t\t<div class='gallery-icon landscape'>\n\t\t\t\t<img loading=\"lazy\" decoding=\"async\" width=\"768\" height=\"510\" src=\"https:\/\/easyfairsassets.com\/sites\/172\/2019\/07\/Schermafbeelding-2019-07-09-om-11.10.03-768x510.png\" class=\"attachment-medium_large size-medium_large\" alt=\"\" srcset=\"https:\/\/easyfairsassets.com\/sites\/172\/2019\/07\/Schermafbeelding-2019-07-09-om-11.10.03-768x510.png 768w, https:\/\/easyfairsassets.com\/sites\/172\/2019\/07\/Schermafbeelding-2019-07-09-om-11.10.03-300x199.png 300w, https:\/\/easyfairsassets.com\/sites\/172\/2019\/07\/Schermafbeelding-2019-07-09-om-11.10.03.png 1024w\" sizes=\"(max-width: 768px) 100vw, 768px\" \/>\n\t\t\t<\/div><\/figure><figure class='gallery-item'>\n\t\t\t<div class='gallery-icon landscape'>\n\t\t\t\t<img loading=\"lazy\" decoding=\"async\" width=\"768\" height=\"402\" src=\"https:\/\/easyfairsassets.com\/sites\/172\/2019\/07\/Schermafbeelding-2019-07-09-om-11.16.44-768x402.png\" class=\"attachment-medium_large size-medium_large\" alt=\"\" srcset=\"https:\/\/easyfairsassets.com\/sites\/172\/2019\/07\/Schermafbeelding-2019-07-09-om-11.16.44-768x402.png 768w, https:\/\/easyfairsassets.com\/sites\/172\/2019\/07\/Schermafbeelding-2019-07-09-om-11.16.44-300x157.png 300w, https:\/\/easyfairsassets.com\/sites\/172\/2019\/07\/Schermafbeelding-2019-07-09-om-11.16.44-1024x536.png 1024w, https:\/\/easyfairsassets.com\/sites\/172\/2019\/07\/Schermafbeelding-2019-07-09-om-11.16.44.png 1256w\" sizes=\"(max-width: 768px) 100vw, 768px\" \/>\n\t\t\t<\/div><\/figure><figure class='gallery-item'>\n\t\t\t<div class='gallery-icon landscape'>\n\t\t\t\t<img loading=\"lazy\" decoding=\"async\" width=\"768\" height=\"508\" src=\"https:\/\/easyfairsassets.com\/sites\/172\/2019\/07\/Schermafbeelding-2019-07-09-om-10.43.18-768x508.png\" class=\"attachment-medium_large size-medium_large\" alt=\"\" srcset=\"https:\/\/easyfairsassets.com\/sites\/172\/2019\/07\/Schermafbeelding-2019-07-09-om-10.43.18-768x508.png 768w, https:\/\/easyfairsassets.com\/sites\/172\/2019\/07\/Schermafbeelding-2019-07-09-om-10.43.18-300x198.png 300w, https:\/\/easyfairsassets.com\/sites\/172\/2019\/07\/Schermafbeelding-2019-07-09-om-10.43.18-1024x677.png 1024w, https:\/\/easyfairsassets.com\/sites\/172\/2019\/07\/Schermafbeelding-2019-07-09-om-10.43.18.png 1028w\" sizes=\"(max-width: 768px) 100vw, 768px\" \/>\n\t\t\t<\/div><\/figure><figure class='gallery-item'>\n\t\t\t<div class='gallery-icon landscape'>\n\t\t\t\t<img loading=\"lazy\" decoding=\"async\" width=\"768\" height=\"512\" src=\"https:\/\/easyfairsassets.com\/sites\/172\/2019\/06\/GREEN-02-09-2018_low-185-768x512.jpg\" class=\"attachment-medium_large size-medium_large\" alt=\"green\" srcset=\"https:\/\/easyfairsassets.com\/sites\/172\/2019\/06\/GREEN-02-09-2018_low-185-768x512.jpg 768w, https:\/\/easyfairsassets.com\/sites\/172\/2019\/06\/GREEN-02-09-2018_low-185-300x200.jpg 300w, https:\/\/easyfairsassets.com\/sites\/172\/2019\/06\/GREEN-02-09-2018_low-185-1024x683.jpg 1024w, https:\/\/easyfairsassets.com\/sites\/172\/2019\/06\/GREEN-02-09-2018_low-185.jpg 1800w\" sizes=\"(max-width: 768px) 100vw, 768px\" \/>\n\t\t\t<\/div><\/figure><figure class='gallery-item'>\n\t\t\t<div class='gallery-icon landscape'>\n\t\t\t\t<img loading=\"lazy\" decoding=\"async\" width=\"768\" height=\"512\" src=\"https:\/\/easyfairsassets.com\/sites\/172\/2019\/06\/GREEN-03-09-2018_low-113-768x512.jpg\" class=\"attachment-medium_large size-medium_large\" alt=\"green 2018 foto - u bent exposant\" aria-describedby=\"gallery-1-2883\" srcset=\"https:\/\/easyfairsassets.com\/sites\/172\/2019\/06\/GREEN-03-09-2018_low-113-768x512.jpg 768w, https:\/\/easyfairsassets.com\/sites\/172\/2019\/06\/GREEN-03-09-2018_low-113-300x200.jpg 300w, https:\/\/easyfairsassets.com\/sites\/172\/2019\/06\/GREEN-03-09-2018_low-113-1024x683.jpg 1024w, https:\/\/easyfairsassets.com\/sites\/172\/2019\/06\/GREEN-03-09-2018_low-113.jpg 1800w\" sizes=\"(max-width: 768px) 100vw, 768px\" \/>\n\t\t\t<\/div>\n\t\t\t\t<figcaption class='wp-caption-text gallery-caption' id='gallery-1-2883'>\n\t\t\t\tgreen 2018 foto &#8211; u bent exposant\n\t\t\t\t<\/figcaption><\/figure><figure class='gallery-item'>\n\t\t\t<div class='gallery-icon landscape'>\n\t\t\t\t<img loading=\"lazy\" decoding=\"async\" width=\"768\" height=\"512\" src=\"https:\/\/easyfairsassets.com\/sites\/172\/2019\/05\/GREEN-02-09-2018_low-99-768x512.jpg\" class=\"attachment-medium_large size-medium_large\" alt=\"Green Expo\" aria-describedby=\"gallery-1-2612\" srcset=\"https:\/\/easyfairsassets.com\/sites\/172\/2019\/05\/GREEN-02-09-2018_low-99-768x512.jpg 768w, https:\/\/easyfairsassets.com\/sites\/172\/2019\/05\/GREEN-02-09-2018_low-99-300x200.jpg 300w, https:\/\/easyfairsassets.com\/sites\/172\/2019\/05\/GREEN-02-09-2018_low-99-1024x683.jpg 1024w, https:\/\/easyfairsassets.com\/sites\/172\/2019\/05\/GREEN-02-09-2018_low-99.jpg 1800w\" sizes=\"(max-width: 768px) 100vw, 768px\" \/>\n\t\t\t<\/div>\n\t\t\t\t<figcaption class='wp-caption-text gallery-caption' id='gallery-1-2612'>\n\t\t\t\tGreen Expo\n\t\t\t\t<\/figcaption><\/figure>\n\t\t<\/div>\n\t\t<\/div>\n\t\t\t\t\t\t<\/div>\n\t\t\t\t<\/div>\n\t\t\t\t\t<\/div>\n\t\t<\/div>\n\t\t\t\t\t<\/div>\n\t\t<\/section>\n\t\t\t\t<\/div>\n\t\t","protected":false},"excerpt":{"rendered":"<p>PRESSE Contacte de presse Souhaitez-vous une accr\u00e9ditation presse? Vous recherchez des photos haute r\u00e9solution? Avez-vous une autre question sp\u00e9cifique? Envoyez un e-mail \u00e0 info@green-expo.be. Downloads T\u00e9l\u00e9chargez ici les logos, banni\u00e8res, brochures etc de Green. Newsletter Abonnez-vous \u00e0 notre newsletter et restez inform\u00e9 de notre programme, partenaires et exposants. Il y a environ 6 newsletters par [&hellip;]<\/p>\n","protected":false},"author":933,"featured_media":0,"parent":4205,"menu_order":0,"comment_status":"closed","ping_status":"closed","template":"","meta":{"_seopress_robots_primary_cat":"","_seopress_titles_title":"Espace presse | Green 2024","_seopress_titles_desc":"Vous trouverez ici de plus amples informations sur l\u2019accr\u00e9ditation presse, le mat\u00e9riel d\u2019illustration de l\u2019\u00e9dition pr\u00e9c\u00e9dente, les banni\u00e8res, le logo, \u2026","_seopress_robots_index":"","footnotes":""},"class_list":["post-4202","page","type-page","status-publish","hentry"],"_links":{"self":[{"href":"https:\/\/www.green-expo.be\/fr\/wp-json\/wp\/v2\/pages\/4202","targetHints":{"allow":["GET"]}}],"collection":[{"href":"https:\/\/www.green-expo.be\/fr\/wp-json\/wp\/v2\/pages"}],"about":[{"href":"https:\/\/www.green-expo.be\/fr\/wp-json\/wp\/v2\/types\/page"}],"author":[{"embeddable":true,"href":"https:\/\/www.green-expo.be\/fr\/wp-json\/wp\/v2\/users\/933"}],"replies":[{"embeddable":true,"href":"https:\/\/www.green-expo.be\/fr\/wp-json\/wp\/v2\/comments?post=4202"}],"version-history":[{"count":4,"href":"https:\/\/www.green-expo.be\/fr\/wp-json\/wp\/v2\/pages\/4202\/revisions"}],"predecessor-version":[{"id":23080,"href":"https:\/\/www.green-expo.be\/fr\/wp-json\/wp\/v2\/pages\/4202\/revisions\/23080"}],"up":[{"embeddable":true,"href":"https:\/\/www.green-expo.be\/fr\/wp-json\/wp\/v2\/pages\/4205"}],"wp:attachment":[{"href":"https:\/\/www.green-expo.be\/fr\/wp-json\/wp\/v2\/media?parent=4202"}],"curies":[{"name":"wp","href":"https:\/\/api.w.org\/{rel}","templated":true}]}}