{"id":4224,"date":"2020-05-16T16:55:20","date_gmt":"2020-05-16T14:55:20","guid":{"rendered":"https:\/\/www.green-expo.be\/visiteurs\/smart-badge\/"},"modified":"2026-04-15T13:39:32","modified_gmt":"2026-04-15T11:39:32","slug":"smart-badge","status":"publish","type":"page","link":"https:\/\/www.green-expo.be\/fr\/visiteurs\/smart-badge\/","title":{"rendered":"smart badge"},"content":{"rendered":"\t\t<div data-elementor-type=\"wp-post\" data-elementor-id=\"4224\" class=\"elementor elementor-4224 elementor-3459\" data-elementor-post-type=\"page\">\n\t\t\t\t\t\t<section class=\"elementor-section elementor-top-section elementor-element elementor-element-4890194 elementor-section-boxed elementor-section-height-default elementor-section-height-default\" data-id=\"4890194\" data-element_type=\"section\" data-settings=\"{&quot;background_background&quot;:&quot;classic&quot;,&quot;shape_divider_bottom&quot;:&quot;opacity-tilt&quot;}\">\n\t\t\t\t\t\t\t<div class=\"elementor-background-overlay\"><\/div>\n\t\t\t\t\t\t<div class=\"elementor-shape elementor-shape-bottom\" aria-hidden=\"true\" data-negative=\"false\">\n\t\t\t<svg xmlns=\"http:\/\/www.w3.org\/2000\/svg\" viewBox=\"0 0 2600 131.1\" preserveAspectRatio=\"none\">\n\t<path class=\"elementor-shape-fill\" d=\"M0 0L2600 0 2600 69.1 0 0z\"\/>\n\t<path class=\"elementor-shape-fill\" style=\"opacity:0.5\" d=\"M0 0L2600 0 2600 69.1 0 69.1z\"\/>\n\t<path class=\"elementor-shape-fill\" style=\"opacity:0.25\" d=\"M2600 0L0 0 0 130.1 2600 69.1z\"\/>\n<\/svg>\t\t<\/div>\n\t\t\t\t\t<div class=\"elementor-container elementor-column-gap-default\">\n\t\t\t\t\t<div class=\"elementor-column elementor-col-100 elementor-top-column elementor-element elementor-element-f0ca738\" data-id=\"f0ca738\" data-element_type=\"column\">\n\t\t\t<div class=\"elementor-widget-wrap elementor-element-populated\">\n\t\t\t\t\t\t<div class=\"elementor-element elementor-element-f65d769 elementor-widget elementor-widget-heading\" data-id=\"f65d769\" data-element_type=\"widget\" data-widget_type=\"heading.default\">\n\t\t\t\t<div class=\"elementor-widget-container\">\n\t\t\t\t\t<h1 class=\"elementor-heading-title elementor-size-xl\">Smart Badge<\/h1>\t\t\t\t<\/div>\n\t\t\t\t<\/div>\n\t\t\t\t<div class=\"elementor-element elementor-element-ef6821d elementor-widget elementor-widget-text-editor\" data-id=\"ef6821d\" data-element_type=\"widget\" data-widget_type=\"text-editor.default\">\n\t\t\t\t<div class=\"elementor-widget-container\">\n\t\t\t\t\t\t\t\t\t<h5><strong><span style=\"color: #ffffff;\">Obtenez facilement et rapidement des informations aupr\u00e8s des exposants gr\u00e2ce \u00e0 notre technologie Smart Badge.<\/span><\/strong><\/h5>\n<p><\/p>\n<h5><span style=\"color: #ffffff;\">Gr\u00e2ce au Smart Badge, vous savez toujours exactement quels stands vous avez visit\u00e9s et quelles informations vous avez recueillies. Apr\u00e8s votre visite, vous recevrez automatiquement un r\u00e9capitulatif de tout ce que vous avez d\u00e9couvert, ce qui vous permettra de retrouver facilement toutes ces informations.<\/span><\/h5>\n\t\t\t\t\t\t\t\t<\/div>\n\t\t\t\t<\/div>\n\t\t\t\t\t<\/div>\n\t\t<\/div>\n\t\t\t\t\t<\/div>\n\t\t<\/section>\n\t\t<div class=\"elementor-element elementor-element-5fd82a0 e-flex e-con-boxed e-con e-parent\" data-id=\"5fd82a0\" data-element_type=\"container\" data-settings=\"{&quot;background_background&quot;:&quot;classic&quot;,&quot;shape_divider_bottom&quot;:&quot;split&quot;}\">\n\t\t\t\t\t<div class=\"e-con-inner\">\n\t\t\t\t<div class=\"elementor-shape elementor-shape-bottom\" aria-hidden=\"true\" data-negative=\"false\">\n\t\t\t<svg xmlns=\"http:\/\/www.w3.org\/2000\/svg\" viewBox=\"0 0 1000 20\" preserveAspectRatio=\"none\">\n\t<path class=\"elementor-shape-fill\" d=\"M0,0v3c0,0,393.8,0,483.4,0c9.2,0,16.6,7.4,16.6,16.6c0-9.1,7.4-16.6,16.6-16.6C606.2,3,1000,3,1000,3V0H0z\"\/>\n<\/svg>\t\t<\/div>\n\t\t<div class=\"elementor-element elementor-element-d4f41d8 e-con-full e-flex e-con e-child\" data-id=\"d4f41d8\" data-element_type=\"container\" data-settings=\"{&quot;background_background&quot;:&quot;classic&quot;}\">\n\t\t<div class=\"elementor-element elementor-element-2cbeb9d e-con-full e-flex e-con e-child\" data-id=\"2cbeb9d\" data-element_type=\"container\">\n\t\t\t\t<div class=\"elementor-element elementor-element-5c2ca69 elementor-widget elementor-widget-heading\" data-id=\"5c2ca69\" data-element_type=\"widget\" data-widget_type=\"heading.default\">\n\t\t\t\t<div class=\"elementor-widget-container\">\n\t\t\t\t\t<h3 class=\"elementor-heading-title elementor-size-default\">Comment utiliser votre badge visiteur ?<\/h3>\t\t\t\t<\/div>\n\t\t\t\t<\/div>\n\t\t\t\t<div class=\"elementor-element elementor-element-faf5904 elementor-widget elementor-widget-text-editor\" data-id=\"faf5904\" data-element_type=\"widget\" data-widget_type=\"text-editor.default\">\n\t\t\t\t<div class=\"elementor-widget-container\">\n\t\t\t\t\t\t\t\t\t<ol>\n<li>\n<p class=\"\" data-start=\"73\" data-end=\"436\"><strong data-start=\"73\" data-end=\"119\">D\u00e9couvrez les stands et recueillez des informations<\/strong><br data-start=\"119\" data-end=\"122\" \/>Sur chaque stand, vous trouverez un ou plusieurs panneaux verts. Un exposant et ses produits vous int\u00e9ressent ? Il vous suffit de toucher le panneau vert avec votre badge visiteur. Vous saurez que votre action a \u00e9t\u00e9 enregistr\u00e9e d\u00e8s que vous entendrez un bip et que le panneau s&rsquo;allumera en vert.<\/p>\n<\/li>\n<li>\n<p class=\"\" data-start=\"73\" data-end=\"436\"><strong data-start=\"438\" data-end=\"473\">Recevez un r\u00e9capitulatif pratique<\/strong><br data-start=\"473\" data-end=\"476\" \/>Le lendemain de votre visite, vous recevrez un e-mail contenant un r\u00e9capitulatif de toutes les informations recueillies. En prime, vous recevrez des recommandations d&rsquo;exposants susceptibles de vous int\u00e9resser. Vous aurez ainsi tout \u00e0 port\u00e9e de main, sans avoir \u00e0 vous souvenir de quoi que ce soit !<\/p>\n<\/li>\n<\/ol>\n\t\t\t\t\t\t\t\t<\/div>\n\t\t\t\t<\/div>\n\t\t\t\t<\/div>\n\t\t<div class=\"elementor-element elementor-element-6c46f3c e-con-full e-flex e-con e-child\" data-id=\"6c46f3c\" data-element_type=\"container\" data-settings=\"{&quot;background_background&quot;:&quot;slideshow&quot;,&quot;background_slideshow_gallery&quot;:[{&quot;id&quot;:43970,&quot;url&quot;:&quot;https:\\\/\\\/www.green-expo.be\\\/wp-content\\\/uploads\\\/sites\\\/172\\\/2025\\\/11\\\/53612555725_6a12a9061a_o.jpg&quot;}],&quot;background_slideshow_loop&quot;:&quot;yes&quot;,&quot;background_slideshow_slide_duration&quot;:5000,&quot;background_slideshow_slide_transition&quot;:&quot;fade&quot;,&quot;background_slideshow_transition_duration&quot;:500}\">\n\t\t\t\t<\/div>\n\t\t\t\t<\/div>\n\t\t\t\t\t<\/div>\n\t\t\t\t<\/div>\n\t\t<div class=\"elementor-element elementor-element-85b8d76 e-flex e-con-boxed e-con e-parent\" data-id=\"85b8d76\" data-element_type=\"container\" data-settings=\"{&quot;background_background&quot;:&quot;gradient&quot;}\">\n\t\t\t\t\t<div class=\"e-con-inner\">\n\t\t<div class=\"elementor-element elementor-element-a4c80bd e-con-full e-flex e-con e-child\" data-id=\"a4c80bd\" data-element_type=\"container\" data-settings=\"{&quot;background_background&quot;:&quot;classic&quot;}\">\n\t\t<div class=\"elementor-element elementor-element-904f627 e-con-full e-flex e-con e-child\" data-id=\"904f627\" data-element_type=\"container\" data-settings=\"{&quot;background_background&quot;:&quot;classic&quot;}\">\n\t\t<div class=\"elementor-element elementor-element-29338e7 e-con-full e-flex e-con e-child\" data-id=\"29338e7\" data-element_type=\"container\" data-settings=\"{&quot;background_background&quot;:&quot;slideshow&quot;,&quot;background_slideshow_gallery&quot;:[{&quot;id&quot;:43968,&quot;url&quot;:&quot;https:\\\/\\\/www.green-expo.be\\\/wp-content\\\/uploads\\\/sites\\\/172\\\/2025\\\/11\\\/2024-02-28-SETT-2024-Mechelen-08u38-opening-2.jpg&quot;}],&quot;background_slideshow_loop&quot;:&quot;yes&quot;,&quot;background_slideshow_slide_duration&quot;:5000,&quot;background_slideshow_slide_transition&quot;:&quot;fade&quot;,&quot;background_slideshow_transition_duration&quot;:500}\">\n\t\t\t\t<\/div>\n\t\t<div class=\"elementor-element elementor-element-891d29a e-con-full e-flex e-con e-child\" data-id=\"891d29a\" data-element_type=\"container\">\n\t\t\t\t<div class=\"elementor-element elementor-element-d8f082c elementor-widget elementor-widget-heading\" data-id=\"d8f082c\" data-element_type=\"widget\" data-widget_type=\"heading.default\">\n\t\t\t\t<div class=\"elementor-widget-container\">\n\t\t\t\t\t<h3 class=\"elementor-heading-title elementor-size-default\">Vos avantage<\/h3>\t\t\t\t<\/div>\n\t\t\t\t<\/div>\n\t\t\t\t<div class=\"elementor-element elementor-element-05c83f9 elementor-widget elementor-widget-text-editor\" data-id=\"05c83f9\" data-element_type=\"widget\" data-widget_type=\"text-editor.default\">\n\t\t\t\t<div class=\"elementor-widget-container\">\n\t\t\t\t\t\t\t\t\t<ol>\r\n \t<li>\r\n<p data-start=\"79\" data-end=\"407\"><strong data-start=\"79\" data-end=\"160\">Votre badge visiteur est votre aide-m\u00e9moire virtuel pendant l&rsquo;\u00e9v\u00e9nement.<\/strong><br data-start=\"160\" data-end=\"163\" \/>Dites adieu aux catalogues volumineux et \u00e0 la prise de notes.<\/p>\r\n<\/li>\r\n \t<li>\r\n<p data-start=\"79\" data-end=\"407\"><strong>Votre journ\u00e9e au salon en un coup d&rsquo;\u0153il<\/strong>\r\nGr\u00e2ce \u00e0 votre badge, vous savez exactement quels stands vous avez visit\u00e9s et quelles informations vous avez recueillies. Apr\u00e8s votre visite, vous recevrez un e-mail r\u00e9capitulant tout ce que vous avez d\u00e9couvert.<\/p>\r\n<\/li>\r\n \t<li>\r\n<p data-start=\"79\" data-end=\"407\"><strong data-start=\"409\" data-end=\"437\">Pas de courriers ind\u00e9sirables !<\/strong>\r\nVous ne recevrez que les informations num\u00e9riques des exposants que vous avez s\u00e9lectionn\u00e9s. Pas de spam, uniquement du contenu pertinent pour vous.<\/p>\r\n<\/li>\r\n<\/ol>\t\t\t\t\t\t\t\t<\/div>\n\t\t\t\t<\/div>\n\t\t\t\t<\/div>\n\t\t\t\t<\/div>\n\t\t\t\t<\/div>\n\t\t\t\t\t<\/div>\n\t\t\t\t<\/div>\n\t\t\t\t<section class=\"elementor-section elementor-top-section elementor-element elementor-element-a8de98a elementor-section-boxed elementor-section-height-default elementor-section-height-default\" data-id=\"a8de98a\" data-element_type=\"section\" data-settings=\"{&quot;background_background&quot;:&quot;classic&quot;}\">\n\t\t\t\t\t\t<div class=\"elementor-container elementor-column-gap-default\">\n\t\t\t\t\t<div class=\"elementor-column elementor-col-100 elementor-top-column elementor-element elementor-element-86f4fdb\" data-id=\"86f4fdb\" data-element_type=\"column\">\n\t\t\t<div class=\"elementor-widget-wrap elementor-element-populated\">\n\t\t\t\t\t\t<div class=\"elementor-element elementor-element-9914ba4 elementor-widget elementor-widget-video\" data-id=\"9914ba4\" data-element_type=\"widget\" data-settings=\"{&quot;youtube_url&quot;:&quot;https:\\\/\\\/youtu.be\\\/ikKCfzrS3nQ?si=036xxj14NsZcfMXq&quot;,&quot;video_type&quot;:&quot;youtube&quot;,&quot;controls&quot;:&quot;yes&quot;}\" data-widget_type=\"video.default\">\n\t\t\t\t<div class=\"elementor-widget-container\">\n\t\t\t\t\t\t\t<div class=\"elementor-wrapper elementor-open-inline\">\n\t\t\t<div class=\"elementor-video\"><\/div>\t\t<\/div>\n\t\t\t\t\t\t<\/div>\n\t\t\t\t<\/div>\n\t\t\t\t\t<\/div>\n\t\t<\/div>\n\t\t\t\t\t<\/div>\n\t\t<\/section>\n\t\t\t\t<\/div>\n\t\t","protected":false},"excerpt":{"rendered":"<p>Smart Badge Obtenez facilement et rapidement des informations aupr\u00e8s des exposants gr\u00e2ce \u00e0 notre technologie Smart Badge. Gr\u00e2ce au Smart Badge, vous savez toujours exactement quels stands vous avez visit\u00e9s et quelles informations vous avez recueillies. Apr\u00e8s votre visite, vous recevrez automatiquement un r\u00e9capitulatif de tout ce que vous avez d\u00e9couvert, ce qui vous permettra [&hellip;]<\/p>\n","protected":false},"author":933,"featured_media":0,"parent":4222,"menu_order":4,"comment_status":"closed","ping_status":"closed","template":"","meta":{"_seopress_robots_primary_cat":"","_seopress_titles_title":"Visiteurs - Smart Badge | GREEN 2024","_seopress_titles_desc":"\u00c0 Green, les visiteurs pourront collecter de l\u2019information plus facilement gr\u00e2ce \u00e0 la \u201ctechnologie SmartBadge\u201d : il suffit de scanner les stands int\u00e9ressants avec le badge visiteur qui sera remis \u00e0 l\u2019accueil.","_seopress_robots_index":"","footnotes":""},"class_list":["post-4224","page","type-page","status-publish","hentry"],"_links":{"self":[{"href":"https:\/\/www.green-expo.be\/fr\/wp-json\/wp\/v2\/pages\/4224","targetHints":{"allow":["GET"]}}],"collection":[{"href":"https:\/\/www.green-expo.be\/fr\/wp-json\/wp\/v2\/pages"}],"about":[{"href":"https:\/\/www.green-expo.be\/fr\/wp-json\/wp\/v2\/types\/page"}],"author":[{"embeddable":true,"href":"https:\/\/www.green-expo.be\/fr\/wp-json\/wp\/v2\/users\/933"}],"replies":[{"embeddable":true,"href":"https:\/\/www.green-expo.be\/fr\/wp-json\/wp\/v2\/comments?post=4224"}],"version-history":[{"count":5,"href":"https:\/\/www.green-expo.be\/fr\/wp-json\/wp\/v2\/pages\/4224\/revisions"}],"predecessor-version":[{"id":44936,"href":"https:\/\/www.green-expo.be\/fr\/wp-json\/wp\/v2\/pages\/4224\/revisions\/44936"}],"up":[{"embeddable":true,"href":"https:\/\/www.green-expo.be\/fr\/wp-json\/wp\/v2\/pages\/4222"}],"wp:attachment":[{"href":"https:\/\/www.green-expo.be\/fr\/wp-json\/wp\/v2\/media?parent=4224"}],"curies":[{"name":"wp","href":"https:\/\/api.w.org\/{rel}","templated":true}]}}