{"id":4229,"date":"2020-05-16T16:56:40","date_gmt":"2020-05-16T14:56:40","guid":{"rendered":"https:\/\/www.green-expo.be\/visiteurs\/pourquoi-visiter-green\/"},"modified":"2026-04-13T08:09:32","modified_gmt":"2026-04-13T06:09:32","slug":"pourquoi-visiter-green","status":"publish","type":"page","link":"https:\/\/www.green-expo.be\/fr\/visiteurs\/pourquoi-visiter-green\/","title":{"rendered":"Pourquoi visiter Green?"},"content":{"rendered":"\t\t<div data-elementor-type=\"wp-post\" data-elementor-id=\"4229\" class=\"elementor elementor-4229 elementor-3448\" data-elementor-post-type=\"page\">\n\t\t\t\t\t\t<section class=\"elementor-section elementor-top-section elementor-element elementor-element-357b278 elementor-section-boxed elementor-section-height-default elementor-section-height-default\" data-id=\"357b278\" data-element_type=\"section\" data-settings=\"{&quot;background_background&quot;:&quot;classic&quot;,&quot;shape_divider_bottom&quot;:&quot;opacity-tilt&quot;}\">\n\t\t\t\t\t\t\t<div class=\"elementor-background-overlay\"><\/div>\n\t\t\t\t\t\t<div class=\"elementor-shape elementor-shape-bottom\" aria-hidden=\"true\" data-negative=\"false\">\n\t\t\t<svg xmlns=\"http:\/\/www.w3.org\/2000\/svg\" viewBox=\"0 0 2600 131.1\" preserveAspectRatio=\"none\">\n\t<path class=\"elementor-shape-fill\" d=\"M0 0L2600 0 2600 69.1 0 0z\"\/>\n\t<path class=\"elementor-shape-fill\" style=\"opacity:0.5\" d=\"M0 0L2600 0 2600 69.1 0 69.1z\"\/>\n\t<path class=\"elementor-shape-fill\" style=\"opacity:0.25\" d=\"M2600 0L0 0 0 130.1 2600 69.1z\"\/>\n<\/svg>\t\t<\/div>\n\t\t\t\t\t<div class=\"elementor-container elementor-column-gap-default\">\n\t\t\t\t\t<div class=\"elementor-column elementor-col-100 elementor-top-column elementor-element elementor-element-5ed8658\" data-id=\"5ed8658\" data-element_type=\"column\">\n\t\t\t<div class=\"elementor-widget-wrap elementor-element-populated\">\n\t\t\t\t\t\t<div class=\"elementor-element elementor-element-669773c elementor-widget elementor-widget-heading\" data-id=\"669773c\" data-element_type=\"widget\" data-widget_type=\"heading.default\">\n\t\t\t\t<div class=\"elementor-widget-container\">\n\t\t\t\t\t<h1 class=\"elementor-heading-title elementor-size-xl\">Pourquoi visiter Green Expo?<\/h1>\t\t\t\t<\/div>\n\t\t\t\t<\/div>\n\t\t\t\t\t<\/div>\n\t\t<\/div>\n\t\t\t\t\t<\/div>\n\t\t<\/section>\n\t\t\t\t<section class=\"elementor-section elementor-top-section elementor-element elementor-element-41c238f elementor-section-boxed elementor-section-height-default elementor-section-height-default\" data-id=\"41c238f\" data-element_type=\"section\">\n\t\t\t\t\t\t<div class=\"elementor-container elementor-column-gap-default\">\n\t\t\t\t\t<div class=\"elementor-column elementor-col-50 elementor-top-column elementor-element elementor-element-0044ce2\" data-id=\"0044ce2\" data-element_type=\"column\" data-settings=\"{&quot;background_background&quot;:&quot;classic&quot;}\">\n\t\t\t<div class=\"elementor-widget-wrap elementor-element-populated\">\n\t\t\t\t\t\t<div class=\"elementor-element elementor-element-42ae7d6 elementor-widget elementor-widget-spacer\" data-id=\"42ae7d6\" data-element_type=\"widget\" data-widget_type=\"spacer.default\">\n\t\t\t\t<div class=\"elementor-widget-container\">\n\t\t\t\t\t\t\t<div class=\"elementor-spacer\">\n\t\t\t<div class=\"elementor-spacer-inner\"><\/div>\n\t\t<\/div>\n\t\t\t\t\t\t<\/div>\n\t\t\t\t<\/div>\n\t\t\t\t\t<\/div>\n\t\t<\/div>\n\t\t\t\t<div class=\"elementor-column elementor-col-50 elementor-top-column elementor-element elementor-element-28d3b84\" data-id=\"28d3b84\" data-element_type=\"column\" data-settings=\"{&quot;background_background&quot;:&quot;classic&quot;}\">\n\t\t\t<div class=\"elementor-widget-wrap elementor-element-populated\">\n\t\t\t\t\t\t<div class=\"elementor-element elementor-element-95ce5d0 elementor-widget elementor-widget-text-editor\" data-id=\"95ce5d0\" data-element_type=\"widget\" data-widget_type=\"text-editor.default\">\n\t\t\t\t<div class=\"elementor-widget-container\">\n\t\t\t\t\t\t\t\t\t<h2>Si les espaces verts font partie de votre quotidien, alors une visite \u00e0 Green Expo s&rsquo;impose.<\/h2>\n<p>Vous y trouverez <strong>les professionnels en espaces verts <\/strong>que vous cherchez, tant des petites que des grandes entreprises. C\u2019est l\u2019endroit id\u00e9al pour acqu\u00e9rir des connaissances, un \u00e9v\u00e9nement \u00e0 ne pas manquer. Et le plus beau dans tout cela\u00a0: gr\u00e2ce \u00e0 un plan personnalis\u00e9 et des halls th\u00e9matiques, vous ne perdrez pas de temps.<\/p>\n\t\t\t\t\t\t\t\t<\/div>\n\t\t\t\t<\/div>\n\t\t\t\t\t<\/div>\n\t\t<\/div>\n\t\t\t\t\t<\/div>\n\t\t<\/section>\n\t\t\t\t<section class=\"elementor-section elementor-top-section elementor-element elementor-element-d3cba21 elementor-reverse-mobile elementor-section-boxed elementor-section-height-default elementor-section-height-default\" data-id=\"d3cba21\" data-element_type=\"section\">\n\t\t\t\t\t\t<div class=\"elementor-container elementor-column-gap-default\">\n\t\t\t\t\t<div class=\"elementor-column elementor-col-50 elementor-top-column elementor-element elementor-element-bd20fbe\" data-id=\"bd20fbe\" data-element_type=\"column\" data-settings=\"{&quot;background_background&quot;:&quot;classic&quot;}\">\n\t\t\t<div class=\"elementor-widget-wrap elementor-element-populated\">\n\t\t\t\t\t\t<div class=\"elementor-element elementor-element-33db610 elementor-widget elementor-widget-text-editor\" data-id=\"33db610\" data-element_type=\"widget\" data-widget_type=\"text-editor.default\">\n\t\t\t\t<div class=\"elementor-widget-container\">\n\t\t\t\t\t\t\t\t\t<h2>Venez \u00e0 Green Expo pour:<\/h2>\n<p><\/p>\n<ol>\n<li>Vous informer et d\u00e9couvrir les <strong>derni\u00e8res tendances<\/strong><\/li>\n<li>\u00c9tablier des <strong>nouveaux contacts<\/strong> ou les entretenir<\/li>\n<li>Demander des <strong>offres<\/strong> ou passer commande<\/li>\n<li>Trouver des <strong>produits ou des services<\/strong> sp\u00e9cifiques<\/li>\n<li>Acqu\u00e9rir un <strong>savoir<\/strong> lors des <strong>conf\u00e9rences et des s\u00e9ances d&rsquo;information<\/strong><\/li>\n<\/ol>\n\t\t\t\t\t\t\t\t<\/div>\n\t\t\t\t<\/div>\n\t\t\t\t\t<\/div>\n\t\t<\/div>\n\t\t\t\t<div class=\"elementor-column elementor-col-50 elementor-top-column elementor-element elementor-element-699ca04\" data-id=\"699ca04\" data-element_type=\"column\" data-settings=\"{&quot;background_background&quot;:&quot;classic&quot;}\">\n\t\t\t<div class=\"elementor-widget-wrap elementor-element-populated\">\n\t\t\t\t\t\t<div class=\"elementor-element elementor-element-b9e779b elementor-widget elementor-widget-spacer\" data-id=\"b9e779b\" data-element_type=\"widget\" data-widget_type=\"spacer.default\">\n\t\t\t\t<div class=\"elementor-widget-container\">\n\t\t\t\t\t\t\t<div class=\"elementor-spacer\">\n\t\t\t<div class=\"elementor-spacer-inner\"><\/div>\n\t\t<\/div>\n\t\t\t\t\t\t<\/div>\n\t\t\t\t<\/div>\n\t\t\t\t\t<\/div>\n\t\t<\/div>\n\t\t\t\t\t<\/div>\n\t\t<\/section>\n\t\t\t\t<\/div>\n\t\t","protected":false},"excerpt":{"rendered":"<p>Pourquoi visiter Green Expo? Si les espaces verts font partie de votre quotidien, alors une visite \u00e0 Green Expo s&rsquo;impose. Vous y trouverez les professionnels en espaces verts que vous cherchez, tant des petites que des grandes entreprises. C\u2019est l\u2019endroit id\u00e9al pour acqu\u00e9rir des connaissances, un \u00e9v\u00e9nement \u00e0 ne pas manquer. Et le plus beau [&hellip;]<\/p>\n","protected":false},"author":933,"featured_media":0,"parent":4222,"menu_order":3,"comment_status":"closed","ping_status":"closed","template":"","meta":{"_seopress_robots_primary_cat":"","_seopress_titles_title":"Visiteurs - Pourquoi visiter? | Green 2024","_seopress_titles_desc":"Pourquoi visiter Green? Si les espaces verts font partie de votre quotidien, alors une visite au salon s\u2019impose. Vous y trouverez des produits et des services durables qui dynamiseront votre entreprise. Et ce n\u2019est pas tout. ","_seopress_robots_index":"","footnotes":""},"class_list":["post-4229","page","type-page","status-publish","hentry"],"_links":{"self":[{"href":"https:\/\/www.green-expo.be\/fr\/wp-json\/wp\/v2\/pages\/4229","targetHints":{"allow":["GET"]}}],"collection":[{"href":"https:\/\/www.green-expo.be\/fr\/wp-json\/wp\/v2\/pages"}],"about":[{"href":"https:\/\/www.green-expo.be\/fr\/wp-json\/wp\/v2\/types\/page"}],"author":[{"embeddable":true,"href":"https:\/\/www.green-expo.be\/fr\/wp-json\/wp\/v2\/users\/933"}],"replies":[{"embeddable":true,"href":"https:\/\/www.green-expo.be\/fr\/wp-json\/wp\/v2\/comments?post=4229"}],"version-history":[{"count":4,"href":"https:\/\/www.green-expo.be\/fr\/wp-json\/wp\/v2\/pages\/4229\/revisions"}],"predecessor-version":[{"id":44714,"href":"https:\/\/www.green-expo.be\/fr\/wp-json\/wp\/v2\/pages\/4229\/revisions\/44714"}],"up":[{"embeddable":true,"href":"https:\/\/www.green-expo.be\/fr\/wp-json\/wp\/v2\/pages\/4222"}],"wp:attachment":[{"href":"https:\/\/www.green-expo.be\/fr\/wp-json\/wp\/v2\/media?parent=4229"}],"curies":[{"name":"wp","href":"https:\/\/api.w.org\/{rel}","templated":true}]}}