{"id":43458,"date":"2025-10-21T11:45:39","date_gmt":"2025-10-21T09:45:39","guid":{"rendered":"https:\/\/www.green-expo.be\/?page_id=43458"},"modified":"2026-04-13T08:31:09","modified_gmt":"2026-04-13T06:31:09","slug":"stihl-timbersport","status":"publish","type":"page","link":"https:\/\/www.green-expo.be\/fr\/stihl-timbersport\/","title":{"rendered":"STIHL TIMBERSPORT\u00ae"},"content":{"rendered":"\t\t<div data-elementor-type=\"wp-page\" data-elementor-id=\"43458\" class=\"elementor elementor-43458 elementor-43315\" data-elementor-post-type=\"page\">\n\t\t\t\t<div class=\"elementor-element elementor-element-c08bfa8 e-flex e-con-boxed e-con e-parent\" data-id=\"c08bfa8\" data-element_type=\"container\" data-settings=\"{&quot;background_background&quot;:&quot;classic&quot;}\">\n\t\t\t\t\t<div class=\"e-con-inner\">\n\t\t<div class=\"elementor-element elementor-element-8bb1f0c e-con-full e-flex e-con e-child\" data-id=\"8bb1f0c\" data-element_type=\"container\">\n\t\t<div class=\"elementor-element elementor-element-a4a3a20 e-flex e-con-boxed e-con e-child\" data-id=\"a4a3a20\" data-element_type=\"container\" data-settings=\"{&quot;background_background&quot;:&quot;classic&quot;}\">\n\t\t\t\t\t<div class=\"e-con-inner\">\n\t\t\t\t<div class=\"elementor-element elementor-element-2e9d160 elementor-widget elementor-widget-heading\" data-id=\"2e9d160\" data-element_type=\"widget\" data-widget_type=\"heading.default\">\n\t\t\t\t<div class=\"elementor-widget-container\">\n\t\t\t\t\t<h1 class=\"elementor-heading-title elementor-size-default\">Vivez la puissance du bois et de la nature<\/h1>\t\t\t\t<\/div>\n\t\t\t\t<\/div>\n\t\t\t\t<div class=\"elementor-element elementor-element-3d87bd6 elementor-widget elementor-widget-heading\" data-id=\"3d87bd6\" data-element_type=\"widget\" data-widget_type=\"heading.default\">\n\t\t\t\t<div class=\"elementor-widget-container\">\n\t\t\t\t\t<p class=\"elementor-heading-title elementor-size-default\">29 septembre 2026<\/p>\t\t\t\t<\/div>\n\t\t\t\t<\/div>\n\t\t\t\t<div class=\"elementor-element elementor-element-f237b1c elementor-align-left elementor-mobile-align-center elementor-widget elementor-widget-dynamic-button\" data-id=\"f237b1c\" data-element_type=\"widget\" data-widget_type=\"dynamic-button.default\">\n\t\t\t\t<div class=\"elementor-widget-container\">\n\t\t\t\t\t        <div class=\"elementor-button-wrapper\">\n            <a href=\"https:\/\/www.green-expo.be\/fr\/informations-pratiques\/contact\/\" class=\"elementor-button-link elementor-button elementor-size-md\" role=\"button\">\n                        <span class=\"elementor-button-content-wrapper\">\n\t\t\t                <span class=\"elementor-button-icon elementor-align-icon-right\">\n\t\t\t\t<i aria-hidden=\"true\" class=\"fas fa-arrow-right\"><\/i>\t\t\t<\/span>\n            \t\t\t<span class=\"elementor-button-text\">Informations sur la participation<\/span>\n\t\t<\/span>\n                    <\/a>\n        <\/div>\n        \t\t\t\t<\/div>\n\t\t\t\t<\/div>\n\t\t\t\t\t<\/div>\n\t\t\t\t<\/div>\n\t\t\t\t<\/div>\n\t\t\t\t\t<\/div>\n\t\t\t\t<\/div>\n\t\t<div class=\"elementor-element elementor-element-459d838 e-flex e-con-boxed e-con e-parent\" data-id=\"459d838\" data-element_type=\"container\">\n\t\t\t\t\t<div class=\"e-con-inner\">\n\t\t\t\t<div class=\"elementor-element elementor-element-e2a3099 elementor-widget elementor-widget-image\" data-id=\"e2a3099\" data-element_type=\"widget\" data-widget_type=\"image.default\">\n\t\t\t\t<div class=\"elementor-widget-container\">\n\t\t\t\t\t\t\t\t\t\t\t\t\t\t\t<img decoding=\"async\" width=\"300\" height=\"74\" src=\"https:\/\/easyfairsassets.com\/sites\/172\/2025\/10\/STS_Logo_2020_pos_RZ-300x74.png\" class=\"attachment-medium size-medium wp-image-43320\" alt=\"\" srcset=\"https:\/\/easyfairsassets.com\/sites\/172\/2025\/10\/STS_Logo_2020_pos_RZ-300x74.png 300w, https:\/\/easyfairsassets.com\/sites\/172\/2025\/10\/STS_Logo_2020_pos_RZ-1024x252.png 1024w, https:\/\/easyfairsassets.com\/sites\/172\/2025\/10\/STS_Logo_2020_pos_RZ-768x189.png 768w, https:\/\/easyfairsassets.com\/sites\/172\/2025\/10\/STS_Logo_2020_pos_RZ-1536x378.png 1536w, https:\/\/easyfairsassets.com\/sites\/172\/2025\/10\/STS_Logo_2020_pos_RZ.png 1920w\" sizes=\"(max-width: 300px) 100vw, 300px\" \/>\t\t\t\t\t\t\t\t\t\t\t\t\t\t\t<\/div>\n\t\t\t\t<\/div>\n\t\t\t\t\t<\/div>\n\t\t\t\t<\/div>\n\t\t<div class=\"elementor-element elementor-element-e128f53 e-flex e-con-boxed e-con e-parent\" data-id=\"e128f53\" data-element_type=\"container\" data-settings=\"{&quot;background_background&quot;:&quot;classic&quot;}\">\n\t\t\t\t\t<div class=\"e-con-inner\">\n\t\t<div class=\"elementor-element elementor-element-6b42051 e-con-full e-flex e-con e-child\" data-id=\"6b42051\" data-element_type=\"container\" data-settings=\"{&quot;background_background&quot;:&quot;classic&quot;}\">\n\t\t\t\t<\/div>\n\t\t<div class=\"elementor-element elementor-element-38e94b6 e-con-full e-flex e-con e-child\" data-id=\"38e94b6\" data-element_type=\"container\">\n\t\t\t\t<div class=\"elementor-element elementor-element-85e509a elementor-widget elementor-widget-heading\" data-id=\"85e509a\" data-element_type=\"widget\" data-widget_type=\"heading.default\">\n\t\t\t\t<div class=\"elementor-widget-container\">\n\t\t\t\t\t<h2 class=\"elementor-heading-title elementor-size-default\">Qui se fraye un chemin vers le sommet?<\/h2>\t\t\t\t<\/div>\n\t\t\t\t<\/div>\n\t\t\t\t<div class=\"elementor-element elementor-element-f946368 elementor-widget elementor-widget-heading\" data-id=\"f946368\" data-element_type=\"widget\" data-widget_type=\"heading.default\">\n\t\t\t\t<div class=\"elementor-widget-container\">\n\t\t\t\t\t<h3 class=\"elementor-heading-title elementor-size-default\">Pr\u00e9parez-vous \u00e0 un spectacle<\/h3>\t\t\t\t<\/div>\n\t\t\t\t<\/div>\n\t\t\t\t<div class=\"elementor-element elementor-element-bb0f118 elementor-widget elementor-widget-text-editor\" data-id=\"bb0f118\" data-element_type=\"widget\" data-widget_type=\"text-editor.default\">\n\t\t\t\t<div class=\"elementor-widget-container\">\n\t\t\t\t\t\t\t\t\t<p>Vivez un <strong>spectacle plein de puissance, de pr\u00e9cision et de vitesse !<\/strong> Les meilleurs b\u00fbcherons du Benelux s\u2019affrontent dans des disciplines spectaculaires comme le Springboard et le Hot Saw. Venez assister au spectacle, profitez de l\u2019action de pr\u00e8s et d\u00e9couvrez pourquoi le <strong>STIHL TIMBERSPORTS\u00ae<\/strong> est un sport si unique dans le monde entier.<\/p>\n\t\t\t\t\t\t\t\t<\/div>\n\t\t\t\t<\/div>\n\t\t\t\t<\/div>\n\t\t\t\t\t<\/div>\n\t\t\t\t<\/div>\n\t\t<div class=\"elementor-element elementor-element-b1cf546 e-flex e-con-boxed e-con e-parent\" data-id=\"b1cf546\" data-element_type=\"container\" data-settings=\"{&quot;background_background&quot;:&quot;classic&quot;,&quot;shape_divider_bottom&quot;:&quot;triangle-asymmetrical&quot;}\">\n\t\t\t\t\t<div class=\"e-con-inner\">\n\t\t\t\t<div class=\"elementor-shape elementor-shape-bottom\" aria-hidden=\"true\" data-negative=\"false\">\n\t\t\t<svg xmlns=\"http:\/\/www.w3.org\/2000\/svg\" viewBox=\"0 0 1000 100\" preserveAspectRatio=\"none\">\n\t<path class=\"elementor-shape-fill\" d=\"M738,99l262-93V0H0v5.6L738,99z\"\/>\n<\/svg>\t\t<\/div>\n\t\t<div class=\"elementor-element elementor-element-c77e338 e-con-full e-flex e-con e-child\" data-id=\"c77e338\" data-element_type=\"container\" data-settings=\"{&quot;background_background&quot;:&quot;classic&quot;}\">\n\t\t\t\t<\/div>\n\t\t<div class=\"elementor-element elementor-element-462ef06 e-con-full e-flex e-con e-child\" data-id=\"462ef06\" data-element_type=\"container\">\n\t\t\t\t<div class=\"elementor-element elementor-element-d8ea16b elementor-widget elementor-widget-heading\" data-id=\"d8ea16b\" data-element_type=\"widget\" data-widget_type=\"heading.default\">\n\t\t\t\t<div class=\"elementor-widget-container\">\n\t\t\t\t\t<h2 class=\"elementor-heading-title elementor-size-default\">Le d\u00e9fi ultime des b\u00fbcherons<\/h2>\t\t\t\t<\/div>\n\t\t\t\t<\/div>\n\t\t\t\t<div class=\"elementor-element elementor-element-749533d elementor-widget elementor-widget-heading\" data-id=\"749533d\" data-element_type=\"widget\" data-widget_type=\"heading.default\">\n\t\t\t\t<div class=\"elementor-widget-container\">\n\t\t\t\t\t<h3 class=\"elementor-heading-title elementor-size-default\">Un spectacle inoubliable pour tous<\/h3>\t\t\t\t<\/div>\n\t\t\t\t<\/div>\n\t\t\t\t<div class=\"elementor-element elementor-element-41668bd elementor-widget elementor-widget-text-editor\" data-id=\"41668bd\" data-element_type=\"widget\" data-widget_type=\"text-editor.default\">\n\t\t\t\t<div class=\"elementor-widget-container\">\n\t\t\t\t\t\t\t\t\t<p>Pr\u00e9parez-vous pour une journ\u00e9e pleine <strong>d\u2019action<\/strong> et de <strong>suspense<\/strong> ! Les meilleurs athl\u00e8tes montrent comment puissance, technique et rapidit\u00e9 se combinent avec <strong>hache, scie manuelle et tron\u00e7onneuse.<\/strong> Du d\u00e9coupage rapide de grosses b\u00fbches aux sauts spectaculaires du Springboard\u00a0 o\u00f9 les athl\u00e8tes grimpent sur une b\u00fbche \u00e0 l\u2019aide de planches sp\u00e9ciales pour couper un bloc de bois\u00a0 ils offrent <strong>un spectacle inoubliable<\/strong> \u00e0 vivre de pr\u00e8s.<\/p>\n\t\t\t\t\t\t\t\t<\/div>\n\t\t\t\t<\/div>\n\t\t\t\t<\/div>\n\t\t\t\t\t<\/div>\n\t\t\t\t<\/div>\n\t\t<div class=\"elementor-element elementor-element-aa9ba8e e-grid e-con-boxed e-con e-parent\" data-id=\"aa9ba8e\" data-element_type=\"container\">\n\t\t\t\t\t<div class=\"e-con-inner\">\n\t\t\t\t<div class=\"elementor-element elementor-element-997a2d4 elementor-widget elementor-widget-image\" data-id=\"997a2d4\" data-element_type=\"widget\" data-widget_type=\"image.default\">\n\t\t\t\t<div class=\"elementor-widget-container\">\n\t\t\t\t\t\t\t\t\t\t\t\t\t\t\t<img fetchpriority=\"high\" decoding=\"async\" width=\"800\" height=\"534\" src=\"https:\/\/easyfairsassets.com\/sites\/172\/2025\/10\/BenTerpstra_Springboard-1024x683-1.png\" class=\"attachment-large size-large wp-image-43488\" alt=\"\" srcset=\"https:\/\/easyfairsassets.com\/sites\/172\/2025\/10\/BenTerpstra_Springboard-1024x683-1.png 1024w, https:\/\/easyfairsassets.com\/sites\/172\/2025\/10\/BenTerpstra_Springboard-1024x683-1-300x200.png 300w, https:\/\/easyfairsassets.com\/sites\/172\/2025\/10\/BenTerpstra_Springboard-1024x683-1-768x512.png 768w\" sizes=\"(max-width: 800px) 100vw, 800px\" \/>\t\t\t\t\t\t\t\t\t\t\t\t\t\t\t<\/div>\n\t\t\t\t<\/div>\n\t\t\t\t<div class=\"elementor-element elementor-element-eae7130 elementor-widget elementor-widget-image\" data-id=\"eae7130\" data-element_type=\"widget\" data-widget_type=\"image.default\">\n\t\t\t\t<div class=\"elementor-widget-container\">\n\t\t\t\t\t\t\t\t\t\t\t\t\t\t\t<img decoding=\"async\" width=\"800\" height=\"534\" src=\"https:\/\/easyfairsassets.com\/sites\/172\/2025\/10\/TIMBERSPORTS_Women_Kim_de_Beer_Single_Buck-1024x683.png\" class=\"attachment-large size-large wp-image-43492\" alt=\"\" srcset=\"https:\/\/easyfairsassets.com\/sites\/172\/2025\/10\/TIMBERSPORTS_Women_Kim_de_Beer_Single_Buck-1024x683.png 1024w, https:\/\/easyfairsassets.com\/sites\/172\/2025\/10\/TIMBERSPORTS_Women_Kim_de_Beer_Single_Buck-300x200.png 300w, https:\/\/easyfairsassets.com\/sites\/172\/2025\/10\/TIMBERSPORTS_Women_Kim_de_Beer_Single_Buck-768x512.png 768w, https:\/\/easyfairsassets.com\/sites\/172\/2025\/10\/TIMBERSPORTS_Women_Kim_de_Beer_Single_Buck.png 1200w\" sizes=\"(max-width: 800px) 100vw, 800px\" \/>\t\t\t\t\t\t\t\t\t\t\t\t\t\t\t<\/div>\n\t\t\t\t<\/div>\n\t\t\t\t<div class=\"elementor-element elementor-element-eab4a40 elementor-widget elementor-widget-image\" data-id=\"eab4a40\" data-element_type=\"widget\" data-widget_type=\"image.default\">\n\t\t\t\t<div class=\"elementor-widget-container\">\n\t\t\t\t\t\t\t\t\t\t\t\t\t\t\t<img loading=\"lazy\" decoding=\"async\" width=\"800\" height=\"534\" src=\"https:\/\/easyfairsassets.com\/sites\/172\/2025\/10\/TIMBERSPORTS_Aude_Seel_Single_Buck-1024x683.png\" class=\"attachment-large size-large wp-image-43490\" alt=\"\" srcset=\"https:\/\/easyfairsassets.com\/sites\/172\/2025\/10\/TIMBERSPORTS_Aude_Seel_Single_Buck-1024x683.png 1024w, https:\/\/easyfairsassets.com\/sites\/172\/2025\/10\/TIMBERSPORTS_Aude_Seel_Single_Buck-300x200.png 300w, https:\/\/easyfairsassets.com\/sites\/172\/2025\/10\/TIMBERSPORTS_Aude_Seel_Single_Buck-768x512.png 768w, https:\/\/easyfairsassets.com\/sites\/172\/2025\/10\/TIMBERSPORTS_Aude_Seel_Single_Buck.png 1200w\" sizes=\"(max-width: 800px) 100vw, 800px\" \/>\t\t\t\t\t\t\t\t\t\t\t\t\t\t\t<\/div>\n\t\t\t\t<\/div>\n\t\t\t\t\t<\/div>\n\t\t\t\t<\/div>\n\t\t<div class=\"elementor-element elementor-element-698899d e-flex e-con-boxed e-con e-parent\" data-id=\"698899d\" data-element_type=\"container\" data-settings=\"{&quot;background_background&quot;:&quot;classic&quot;,&quot;shape_divider_top&quot;:&quot;triangle-asymmetrical&quot;}\">\n\t\t\t\t\t<div class=\"e-con-inner\">\n\t\t\t\t<div class=\"elementor-shape elementor-shape-top\" aria-hidden=\"true\" data-negative=\"false\">\n\t\t\t<svg xmlns=\"http:\/\/www.w3.org\/2000\/svg\" viewBox=\"0 0 1000 100\" preserveAspectRatio=\"none\">\n\t<path class=\"elementor-shape-fill\" d=\"M738,99l262-93V0H0v5.6L738,99z\"\/>\n<\/svg>\t\t<\/div>\n\t\t<div class=\"elementor-element elementor-element-9c6b32e e-con-full e-flex e-con e-child\" data-id=\"9c6b32e\" data-element_type=\"container\">\n\t\t\t\t<div class=\"elementor-element elementor-element-c43fd3d elementor-widget elementor-widget-heading\" data-id=\"c43fd3d\" data-element_type=\"widget\" data-widget_type=\"heading.default\">\n\t\t\t\t<div class=\"elementor-widget-container\">\n\t\t\t\t\t<h2 class=\"elementor-heading-title elementor-size-default\">\u00c9dition pr\u00e9c\u00e9dente : un spectacle \u00e9poustouflant<\/h2>\t\t\t\t<\/div>\n\t\t\t\t<\/div>\n\t\t\t\t<div class=\"elementor-element elementor-element-cd019d2 elementor-widget elementor-widget-text-editor\" data-id=\"cd019d2\" data-element_type=\"widget\" data-widget_type=\"text-editor.default\">\n\t\t\t\t<div class=\"elementor-widget-container\">\n\t\t\t\t\t\t\t\t\t<article class=\"text-token-text-primary w-full focus:outline-none [--shadow-height:45px] has-data-writing-block:pointer-events-none has-data-writing-block:-mt-(--shadow-height) has-data-writing-block:pt-(--shadow-height) [&amp;:has([data-writing-block])&gt;*]:pointer-events-auto [content-visibility:auto] supports-[content-visibility:auto]:[contain-intrinsic-size:auto_100lvh] scroll-mt-[calc(var(--header-height)+min(200px,max(70px,20svh)))]\" dir=\"auto\" tabindex=\"-1\" data-turn-id=\"request-68f5ded7-559c-8325-b247-5058c7ddedd4-22\" data-testid=\"conversation-turn-72\" data-scroll-anchor=\"true\" data-turn=\"assistant\">\n<div class=\"text-base my-auto mx-auto pb-10 [--thread-content-margin:--spacing(4)] thread-sm:[--thread-content-margin:--spacing(6)] thread-lg:[--thread-content-margin:--spacing(16)] px-(--thread-content-margin)\">\n<div class=\"[--thread-content-max-width:40rem] thread-lg:[--thread-content-max-width:48rem] mx-auto max-w-(--thread-content-max-width) flex-1 group\/turn-messages focus-visible:outline-hidden relative flex w-full min-w-0 flex-col agent-turn\" tabindex=\"-1\">\n<div class=\"flex max-w-full flex-col grow\">\n<div class=\"min-h-8 text-message relative flex w-full flex-col items-end gap-2 text-start break-words whitespace-normal [.text-message+&amp;]:mt-1\" dir=\"auto\" data-message-author-role=\"assistant\" data-message-id=\"54de7609-36b2-4952-a488-8645535774d8\" data-message-model-slug=\"gpt-5-mini\">\n<div class=\"flex w-full flex-col gap-1 empty:hidden first:pt-[1px]\">\n<div class=\"markdown prose dark:prose-invert w-full break-words light markdown-new-styling\">\n<p data-start=\"78\" data-end=\"453\">La pr\u00e9c\u00e9dente \u00e9dition du <strong>STIHL TIMBERSPORTS\u00ae<\/strong> \u00e0 Green Expo \u00e9tait pleine d\u2019adr\u00e9naline. Les athl\u00e8tes ont donn\u00e9 le meilleur d\u2019eux-m\u00eames \u00e0 chaque \u00e9preuve, <strong>de la coupe<\/strong> \u00e0 <strong>la scie,<\/strong> et ont montr\u00e9 comment puissance, technique et rapidit\u00e9 se combinent. Les copeaux volant, le rythme des coups de hache et le rugissement des tron\u00e7onneuses ont offert une exp\u00e9rience impressionnante.<\/p>\n<p data-start=\"455\" data-end=\"538\" data-is-last-node=\"\" data-is-only-node=\"\">Regardez <strong>l\u2019aftermovie<\/strong> et revivez toute l\u2019action de ce spectacle spectaculaire !<\/p>\n<\/div>\n<\/div>\n<\/div>\n<\/div>\n<div class=\"z-0 flex min-h-[46px] justify-start\"><\/div>\n<div class=\"mt-3 w-full empty:hidden\">\n<div class=\"text-center\"><\/div>\n<\/div>\n<\/div>\n<\/div>\n<\/article>\n<p><\/p>\n<div class=\"pointer-events-none h-px w-px\" aria-hidden=\"true\" data-edge=\"true\"><\/div>\n\t\t\t\t\t\t\t\t<\/div>\n\t\t\t\t<\/div>\n\t\t\t\t<\/div>\n\t\t<div class=\"elementor-element elementor-element-5b4a857 e-con-full e-flex e-con e-child\" data-id=\"5b4a857\" data-element_type=\"container\">\n\t\t\t\t<div class=\"elementor-element elementor-element-51027c4 elementor-widget elementor-widget-video\" data-id=\"51027c4\" data-element_type=\"widget\" data-settings=\"{&quot;youtube_url&quot;:&quot;https:\\\/\\\/www.youtube.com\\\/watch?v=94RQ_s3lJFg&quot;,&quot;video_type&quot;:&quot;youtube&quot;,&quot;controls&quot;:&quot;yes&quot;}\" data-widget_type=\"video.default\">\n\t\t\t\t<div class=\"elementor-widget-container\">\n\t\t\t\t\t\t\t<div class=\"elementor-wrapper elementor-open-inline\">\n\t\t\t<div class=\"elementor-video\"><\/div>\t\t<\/div>\n\t\t\t\t\t\t<\/div>\n\t\t\t\t<\/div>\n\t\t\t\t<\/div>\n\t\t\t\t\t<\/div>\n\t\t\t\t<\/div>\n\t\t<div class=\"elementor-element elementor-element-8829727 e-flex e-con-boxed e-con e-child\" data-id=\"8829727\" data-element_type=\"container\" data-settings=\"{&quot;background_background&quot;:&quot;classic&quot;}\">\n\t\t\t\t\t<div class=\"e-con-inner\">\n\t\t<div class=\"elementor-element elementor-element-17eb339 e-con-full e-flex e-con e-child\" data-id=\"17eb339\" data-element_type=\"container\" data-settings=\"{&quot;background_background&quot;:&quot;classic&quot;}\">\n\t\t\t\t<div class=\"elementor-element elementor-element-38274b4 elementor-widget elementor-widget-heading\" data-id=\"38274b4\" data-element_type=\"widget\" data-widget_type=\"heading.default\">\n\t\t\t\t<div class=\"elementor-widget-container\">\n\t\t\t\t\t<h2 class=\"elementor-heading-title elementor-size-default\">Informations pratiques<\/h2>\t\t\t\t<\/div>\n\t\t\t\t<\/div>\n\t\t\t\t<div class=\"elementor-element elementor-element-8e8b6d4 elementor-widget elementor-widget-text-editor\" data-id=\"8e8b6d4\" data-element_type=\"widget\" data-widget_type=\"text-editor.default\">\n\t\t\t\t<div class=\"elementor-widget-container\">\n\t\t\t\t\t\t\t\t\t<p><strong data-start=\"46\" data-end=\"76\">O\u00f9 : <\/strong>Flanders Expo, Hall 3<br data-start=\"76\" data-end=\"79\" \/><strong data-start=\"79\" data-end=\"118\">Adresse : <\/strong>Maaltekouter 1, 9051 Gent<br data-start=\"118\" data-end=\"121\" data-is-only-node=\"\" \/><strong data-start=\"121\" data-end=\"150\" data-is-last-node=\"\">Quand : <\/strong>29 septembre 2026<\/p>\n\t\t\t\t\t\t\t\t<\/div>\n\t\t\t\t<\/div>\n\t\t\t\t<div class=\"elementor-element elementor-element-5a4e49d elementor-align-left elementor-mobile-align-center elementor-widget elementor-widget-dynamic-button\" data-id=\"5a4e49d\" data-element_type=\"widget\" data-widget_type=\"dynamic-button.default\">\n\t\t\t\t<div class=\"elementor-widget-container\">\n\t\t\t\t\t        <div class=\"elementor-button-wrapper\">\n            <a href=\"https:\/\/www.green-expo.be\/fr\/informations-pratiques\/contact\/\" class=\"elementor-button-link elementor-button elementor-size-md\" role=\"button\">\n                        <span class=\"elementor-button-content-wrapper\">\n\t\t\t                <span class=\"elementor-button-icon elementor-align-icon-right\">\n\t\t\t\t<i aria-hidden=\"true\" class=\"fas fa-arrow-right\"><\/i>\t\t\t<\/span>\n            \t\t\t<span class=\"elementor-button-text\">Vous ne voulez pas manquer \u00e7a<\/span>\n\t\t<\/span>\n                    <\/a>\n        <\/div>\n        \t\t\t\t<\/div>\n\t\t\t\t<\/div>\n\t\t\t\t<\/div>\n\t\t\t\t\t<\/div>\n\t\t\t\t<\/div>\n\t\t<div class=\"elementor-element elementor-element-7510fd5 e-flex e-con-boxed e-con e-parent\" data-id=\"7510fd5\" data-element_type=\"container\" data-settings=\"{&quot;background_background&quot;:&quot;classic&quot;}\">\n\t\t\t\t\t<div class=\"e-con-inner\">\n\t\t\t\t\t<\/div>\n\t\t\t\t<\/div>\n\t\t\t\t<\/div>\n\t\t","protected":false},"excerpt":{"rendered":"<p>Vivez la puissance du bois et de la nature 29 septembre 2026 Informations sur la participation Qui se fraye un chemin vers le sommet? Pr\u00e9parez-vous \u00e0 un spectacle Vivez un spectacle plein de puissance, de pr\u00e9cision et de vitesse ! Les meilleurs b\u00fbcherons du Benelux s\u2019affrontent dans des disciplines spectaculaires comme le Springboard et le [&hellip;]<\/p>\n","protected":false},"author":949,"featured_media":0,"parent":0,"menu_order":0,"comment_status":"closed","ping_status":"closed","template":"","meta":{"_seopress_robots_primary_cat":"","_seopress_titles_title":"","_seopress_titles_desc":"","_seopress_robots_index":"","footnotes":""},"class_list":["post-43458","page","type-page","status-publish","hentry"],"_links":{"self":[{"href":"https:\/\/www.green-expo.be\/fr\/wp-json\/wp\/v2\/pages\/43458","targetHints":{"allow":["GET"]}}],"collection":[{"href":"https:\/\/www.green-expo.be\/fr\/wp-json\/wp\/v2\/pages"}],"about":[{"href":"https:\/\/www.green-expo.be\/fr\/wp-json\/wp\/v2\/types\/page"}],"author":[{"embeddable":true,"href":"https:\/\/www.green-expo.be\/fr\/wp-json\/wp\/v2\/users\/949"}],"replies":[{"embeddable":true,"href":"https:\/\/www.green-expo.be\/fr\/wp-json\/wp\/v2\/comments?post=43458"}],"version-history":[{"count":5,"href":"https:\/\/www.green-expo.be\/fr\/wp-json\/wp\/v2\/pages\/43458\/revisions"}],"predecessor-version":[{"id":43496,"href":"https:\/\/www.green-expo.be\/fr\/wp-json\/wp\/v2\/pages\/43458\/revisions\/43496"}],"wp:attachment":[{"href":"https:\/\/www.green-expo.be\/fr\/wp-json\/wp\/v2\/media?parent=43458"}],"curies":[{"name":"wp","href":"https:\/\/api.w.org\/{rel}","templated":true}]}}