{"id":43546,"date":"2025-11-05T14:28:31","date_gmt":"2025-11-05T13:28:31","guid":{"rendered":"https:\/\/www.green-expo.be\/?page_id=43546"},"modified":"2026-04-13T08:16:22","modified_gmt":"2026-04-13T06:16:22","slug":"green-electric-demozone","status":"publish","type":"page","link":"https:\/\/www.green-expo.be\/fr\/green-electric-demozone\/","title":{"rendered":"GREEN ELECTRIC DEMOZONE"},"content":{"rendered":"\t\t<div data-elementor-type=\"wp-page\" data-elementor-id=\"43546\" class=\"elementor elementor-43546 elementor-43545\" data-elementor-post-type=\"page\">\n\t\t\t\t<div class=\"elementor-element elementor-element-c08bfa8 e-flex e-con-boxed e-con e-parent\" data-id=\"c08bfa8\" data-element_type=\"container\" data-settings=\"{&quot;background_background&quot;:&quot;classic&quot;}\">\n\t\t\t\t\t<div class=\"e-con-inner\">\n\t\t<div class=\"elementor-element elementor-element-8bb1f0c e-con-full e-flex e-con e-child\" data-id=\"8bb1f0c\" data-element_type=\"container\">\n\t\t<div class=\"elementor-element elementor-element-a4a3a20 e-con-full e-flex e-con e-child\" data-id=\"a4a3a20\" data-element_type=\"container\" data-settings=\"{&quot;background_background&quot;:&quot;classic&quot;}\">\n\t\t\t\t<div class=\"elementor-element elementor-element-2e9d160 elementor-widget elementor-widget-heading\" data-id=\"2e9d160\" data-element_type=\"widget\" data-widget_type=\"heading.default\">\n\t\t\t\t<div class=\"elementor-widget-container\">\n\t\t\t\t\t<h1 class=\"elementor-heading-title elementor-size-default\">GREEN ELECTRIC  DEMOZONE <\/h1>\t\t\t\t<\/div>\n\t\t\t\t<\/div>\n\t\t\t\t<div class=\"elementor-element elementor-element-f237b1c elementor-widget elementor-widget-dynamic-button\" data-id=\"f237b1c\" data-element_type=\"widget\" data-widget_type=\"dynamic-button.default\">\n\t\t\t\t<div class=\"elementor-widget-container\">\n\t\t\t\t\t        <div class=\"elementor-button-wrapper\">\n            <a href=\"https:\/\/www.green-expo.be\/fr\/informations-pratiques\/contact\/\" class=\"elementor-button-link elementor-button elementor-size-sm\" role=\"button\">\n                        <span class=\"elementor-button-content-wrapper\">\n\t\t\t                <span class=\"elementor-button-icon elementor-align-icon-right\">\n\t\t\t\t<i aria-hidden=\"true\" class=\"fas fa-arrow-right\"><\/i>\t\t\t<\/span>\n            \t\t\t<span class=\"elementor-button-text\">Informations sur la participation<\/span>\n\t\t<\/span>\n                    <\/a>\n        <\/div>\n        \t\t\t\t<\/div>\n\t\t\t\t<\/div>\n\t\t\t\t<\/div>\n\t\t\t\t<\/div>\n\t\t\t\t\t<\/div>\n\t\t\t\t<\/div>\n\t\t<div class=\"elementor-element elementor-element-459d838 e-flex e-con-boxed e-con e-parent\" data-id=\"459d838\" data-element_type=\"container\">\n\t\t\t\t\t<div class=\"e-con-inner\">\n\t\t\t\t<div class=\"elementor-element elementor-element-e2a3099 elementor-widget elementor-widget-image\" data-id=\"e2a3099\" data-element_type=\"widget\" data-widget_type=\"image.default\">\n\t\t\t\t<div class=\"elementor-widget-container\">\n\t\t\t\t\t\t\t\t\t\t\t\t\t\t\t<img decoding=\"async\" width=\"300\" height=\"112\" src=\"https:\/\/easyfairsassets.com\/sites\/172\/2025\/10\/logo-PCLT-blauw-CMYK-300x112.png\" class=\"attachment-medium size-medium wp-image-43549\" alt=\"\" srcset=\"https:\/\/easyfairsassets.com\/sites\/172\/2025\/10\/logo-PCLT-blauw-CMYK-300x112.png 300w, https:\/\/easyfairsassets.com\/sites\/172\/2025\/10\/logo-PCLT-blauw-CMYK-1024x381.png 1024w, https:\/\/easyfairsassets.com\/sites\/172\/2025\/10\/logo-PCLT-blauw-CMYK-768x286.png 768w, https:\/\/easyfairsassets.com\/sites\/172\/2025\/10\/logo-PCLT-blauw-CMYK-1536x572.png 1536w, https:\/\/easyfairsassets.com\/sites\/172\/2025\/10\/logo-PCLT-blauw-CMYK.png 1920w\" sizes=\"(max-width: 300px) 100vw, 300px\" \/>\t\t\t\t\t\t\t\t\t\t\t\t\t\t\t<\/div>\n\t\t\t\t<\/div>\n\t\t\t\t\t<\/div>\n\t\t\t\t<\/div>\n\t\t<div class=\"elementor-element elementor-element-e128f53 e-flex e-con-boxed e-con e-parent\" data-id=\"e128f53\" data-element_type=\"container\" data-settings=\"{&quot;background_background&quot;:&quot;classic&quot;}\">\n\t\t\t\t\t<div class=\"e-con-inner\">\n\t\t<div class=\"elementor-element elementor-element-6b42051 e-con-full e-flex e-con e-child\" data-id=\"6b42051\" data-element_type=\"container\" data-settings=\"{&quot;background_background&quot;:&quot;classic&quot;}\">\n\t\t\t\t<\/div>\n\t\t<div class=\"elementor-element elementor-element-38e94b6 e-con-full e-flex e-con e-child\" data-id=\"38e94b6\" data-element_type=\"container\">\n\t\t\t\t<div class=\"elementor-element elementor-element-85e509a elementor-widget elementor-widget-heading\" data-id=\"85e509a\" data-element_type=\"widget\" data-widget_type=\"heading.default\">\n\t\t\t\t<div class=\"elementor-widget-container\">\n\t\t\t\t\t<h2 class=\"elementor-heading-title elementor-size-default\">Green Electric Machines Demozone \u2013 powered by PCLT <\/h2>\t\t\t\t<\/div>\n\t\t\t\t<\/div>\n\t\t\t\t<div class=\"elementor-element elementor-element-bb0f118 elementor-widget elementor-widget-text-editor\" data-id=\"bb0f118\" data-element_type=\"widget\" data-widget_type=\"text-editor.default\">\n\t\t\t\t<div class=\"elementor-widget-container\">\n\t\t\t\t\t\t\t\t\t<p>L&rsquo;avenir de l&rsquo;entretien des jardins et des parcs est <strong>silencieux, puissant et sans \u00e9missions<\/strong>. Dans <strong>la zone de d\u00e9monstration Green Electric Machines,<\/strong> organis\u00e9e en collaboration avec <strong>PCLT<\/strong>, vous d\u00e9couvrirez comment les machines \u00e9lectriques d&rsquo;aujourd&rsquo;hui d\u00e9finissent d\u00e9j\u00e0 les normes de demain.<\/p>\n<p>Les visiteurs peuvent y voir en direct la derni\u00e8re g\u00e9n\u00e9ration <strong>de machines \u00e9lectriques<\/strong> <strong>pour le jardinage et l&rsquo;entretien,<\/strong> des tondeuses compactes, tron\u00e7onneuses et souffleurs de feuilles aux v\u00e9hicules de transport multifonctionnels et outils pour l&rsquo;am\u00e9nagement et l&rsquo;entretien.<\/p>\n<p>Les d\u00e9monstrations montrent non seulement <strong>la puissance et l&rsquo;efficacit\u00e9 de ces machines,<\/strong> mais aussi leurs <strong>avantages en termes de confort, de s\u00e9curit\u00e9 et de durabilit\u00e9<\/strong>. Moins de bruit, aucune \u00e9mission et des co\u00fbts d&rsquo;entretien r\u00e9duits : les solutions \u00e9lectriques rendent le travail plus agr\u00e9able et plus respectueux de l&rsquo;environnement.<\/p>\n<p>Laissez-vous inspirer par des d\u00e9monstrations pratiques, rencontrez les experts de PCLT et d\u00e9couvrez comment votre entreprise peut \u00e9voluer vers un avenir <strong>plus vert et plus silencieux.<\/strong><\/p>\n<p>&nbsp;<\/p>\n\t\t\t\t\t\t\t\t<\/div>\n\t\t\t\t<\/div>\n\t\t\t\t<\/div>\n\t\t\t\t\t<\/div>\n\t\t\t\t<\/div>\n\t\t<div class=\"elementor-element elementor-element-b1cf546 e-flex e-con-boxed e-con e-parent\" data-id=\"b1cf546\" data-element_type=\"container\" data-settings=\"{&quot;background_background&quot;:&quot;classic&quot;}\">\n\t\t\t\t\t<div class=\"e-con-inner\">\n\t\t<div class=\"elementor-element elementor-element-c77e338 e-con-full e-flex e-con e-child\" data-id=\"c77e338\" data-element_type=\"container\" data-settings=\"{&quot;background_background&quot;:&quot;classic&quot;}\">\n\t\t\t\t<\/div>\n\t\t<div class=\"elementor-element elementor-element-462ef06 e-con-full e-flex e-con e-child\" data-id=\"462ef06\" data-element_type=\"container\">\n\t\t\t\t<div class=\"elementor-element elementor-element-d8ea16b elementor-widget elementor-widget-heading\" data-id=\"d8ea16b\" data-element_type=\"widget\" data-widget_type=\"heading.default\">\n\t\t\t\t<div class=\"elementor-widget-container\">\n\t\t\t\t\t<h2 class=\"elementor-heading-title elementor-size-default\">Votre guide pour les travaux \u00e9lectriques<\/h2>\t\t\t\t<\/div>\n\t\t\t\t<\/div>\n\t\t\t\t<div class=\"elementor-element elementor-element-41668bd elementor-widget elementor-widget-text-editor\" data-id=\"41668bd\" data-element_type=\"widget\" data-widget_type=\"text-editor.default\">\n\t\t\t\t<div class=\"elementor-widget-container\">\n\t\t\t\t\t\t\t\t\t<p>Dans la zone de d\u00e9monstration, un mod\u00e9rateur exp\u00e9riment\u00e9 vous guide \u00e0 travers l&rsquo;univers des machines \u00e9lectriques. Vous b\u00e9n\u00e9ficiez <strong>d&rsquo;explications interactives, de d\u00e9monstrations en direct et de conseils pratiques<\/strong> afin de vraiment comprendre le fonctionnement de cette technologie et les avantages qu&rsquo;elle offre. Il s&rsquo;agit d&rsquo;une <strong>exp\u00e9rience immersive<\/strong> qui vous permet de tout suivre de pr\u00e8s et de d\u00e9couvrir comment le secteur \u00e9volue.<\/p>\n<p>&nbsp;<\/p>\n\t\t\t\t\t\t\t\t<\/div>\n\t\t\t\t<\/div>\n\t\t\t\t<\/div>\n\t\t\t\t\t<\/div>\n\t\t\t\t<\/div>\n\t\t<div class=\"elementor-element elementor-element-09c0607 e-grid e-con-boxed e-con e-parent\" data-id=\"09c0607\" data-element_type=\"container\">\n\t\t\t\t\t<div class=\"e-con-inner\">\n\t\t\t\t<div class=\"elementor-element elementor-element-dfc5eab elementor-widget elementor-widget-image\" data-id=\"dfc5eab\" data-element_type=\"widget\" data-widget_type=\"image.default\">\n\t\t\t\t<div class=\"elementor-widget-container\">\n\t\t\t\t\t\t\t\t\t\t\t\t\t\t\t<img fetchpriority=\"high\" decoding=\"async\" width=\"800\" height=\"800\" src=\"https:\/\/easyfairsassets.com\/sites\/172\/2025\/10\/Untitled-design-4.png\" class=\"attachment-large size-large wp-image-43574\" alt=\"\" srcset=\"https:\/\/easyfairsassets.com\/sites\/172\/2025\/10\/Untitled-design-4.png 1024w, https:\/\/easyfairsassets.com\/sites\/172\/2025\/10\/Untitled-design-4-300x300.png 300w, https:\/\/easyfairsassets.com\/sites\/172\/2025\/10\/Untitled-design-4-150x150.png 150w, https:\/\/easyfairsassets.com\/sites\/172\/2025\/10\/Untitled-design-4-768x768.png 768w\" sizes=\"(max-width: 800px) 100vw, 800px\" \/>\t\t\t\t\t\t\t\t\t\t\t\t\t\t\t<\/div>\n\t\t\t\t<\/div>\n\t\t\t\t<div class=\"elementor-element elementor-element-7824a20 elementor-widget elementor-widget-image\" data-id=\"7824a20\" data-element_type=\"widget\" data-widget_type=\"image.default\">\n\t\t\t\t<div class=\"elementor-widget-container\">\n\t\t\t\t\t\t\t\t\t\t\t\t\t\t\t<img decoding=\"async\" width=\"800\" height=\"800\" src=\"https:\/\/easyfairsassets.com\/sites\/172\/2025\/10\/Untitled-design-5.png\" class=\"attachment-large size-large wp-image-43576\" alt=\"\" srcset=\"https:\/\/easyfairsassets.com\/sites\/172\/2025\/10\/Untitled-design-5.png 1024w, https:\/\/easyfairsassets.com\/sites\/172\/2025\/10\/Untitled-design-5-300x300.png 300w, https:\/\/easyfairsassets.com\/sites\/172\/2025\/10\/Untitled-design-5-150x150.png 150w, https:\/\/easyfairsassets.com\/sites\/172\/2025\/10\/Untitled-design-5-768x768.png 768w\" sizes=\"(max-width: 800px) 100vw, 800px\" \/>\t\t\t\t\t\t\t\t\t\t\t\t\t\t\t<\/div>\n\t\t\t\t<\/div>\n\t\t\t\t<div class=\"elementor-element elementor-element-2bf4943 elementor-widget elementor-widget-image\" data-id=\"2bf4943\" data-element_type=\"widget\" data-widget_type=\"image.default\">\n\t\t\t\t<div class=\"elementor-widget-container\">\n\t\t\t\t\t\t\t\t\t\t\t\t\t\t\t<img loading=\"lazy\" decoding=\"async\" width=\"800\" height=\"800\" src=\"https:\/\/easyfairsassets.com\/sites\/172\/2025\/10\/Untitled-design-6.png\" class=\"attachment-large size-large wp-image-43578\" alt=\"\" srcset=\"https:\/\/easyfairsassets.com\/sites\/172\/2025\/10\/Untitled-design-6.png 1024w, https:\/\/easyfairsassets.com\/sites\/172\/2025\/10\/Untitled-design-6-300x300.png 300w, https:\/\/easyfairsassets.com\/sites\/172\/2025\/10\/Untitled-design-6-150x150.png 150w, https:\/\/easyfairsassets.com\/sites\/172\/2025\/10\/Untitled-design-6-768x768.png 768w\" sizes=\"(max-width: 800px) 100vw, 800px\" \/>\t\t\t\t\t\t\t\t\t\t\t\t\t\t\t<\/div>\n\t\t\t\t<\/div>\n\t\t\t\t\t<\/div>\n\t\t\t\t<\/div>\n\t\t<div class=\"elementor-element elementor-element-0141bcf e-flex e-con-boxed e-con e-parent\" data-id=\"0141bcf\" data-element_type=\"container\" data-settings=\"{&quot;background_background&quot;:&quot;classic&quot;}\">\n\t\t\t\t\t<div class=\"e-con-inner\">\n\t\t<div class=\"elementor-element elementor-element-f6b1f50 e-con-full e-flex e-con e-child\" data-id=\"f6b1f50\" data-element_type=\"container\" data-settings=\"{&quot;background_background&quot;:&quot;classic&quot;}\">\n\t\t\t\t<div class=\"elementor-element elementor-element-25e63d7 elementor-widget elementor-widget-video\" data-id=\"25e63d7\" data-element_type=\"widget\" data-settings=\"{&quot;video_type&quot;:&quot;hosted&quot;,&quot;controls&quot;:&quot;yes&quot;}\" data-widget_type=\"video.default\">\n\t\t\t\t<div class=\"elementor-widget-container\">\n\t\t\t\t\t\t\t<div class=\"e-hosted-video elementor-wrapper elementor-open-inline\">\n\t\t\t\t\t<video class=\"elementor-video\" src=\"https:\/\/easyfairsassets.com\/sites\/172\/2025\/10\/3d829f83-dbc1-4178-8e78-e92583e5b205-1.mp4\" controls=\"\" preload=\"metadata\" controlsList=\"nodownload\"><\/video>\n\t\t\t\t<\/div>\n\t\t\t\t\t\t<\/div>\n\t\t\t\t<\/div>\n\t\t\t\t<\/div>\n\t\t<div class=\"elementor-element elementor-element-8655c2e e-con-full e-flex e-con e-child\" data-id=\"8655c2e\" data-element_type=\"container\">\n\t\t\t\t<div class=\"elementor-element elementor-element-3b4b289 elementor-widget elementor-widget-heading\" data-id=\"3b4b289\" data-element_type=\"widget\" data-widget_type=\"heading.default\">\n\t\t\t\t<div class=\"elementor-widget-container\">\n\t\t\t\t\t<h2 class=\"elementor-heading-title elementor-size-default\"><p><b><span lang=\"NL\">Probeer, voel, ontdek<\/span><\/b><\/p><\/h2>\t\t\t\t<\/div>\n\t\t\t\t<\/div>\n\t\t\t\t<div class=\"elementor-element elementor-element-c02dfff elementor-widget elementor-widget-text-editor\" data-id=\"c02dfff\" data-element_type=\"widget\" data-widget_type=\"text-editor.default\">\n\t\t\t\t<div class=\"elementor-widget-container\">\n\t\t\t\t\t\t\t\t\t<p>Dans la zone de d\u00e9monstration, <strong>vous pouvez non seulement voir les machines, mais aussi les essayer vous-m\u00eame.<\/strong> Sous la supervision des experts PCLT, vous aurez l&rsquo;occasion de tester des tondeuses \u00e9lectriques, des tron\u00e7onneuses, des souffleurs de feuilles et d&rsquo;autres outils. Vous remarquerez imm\u00e9diatement \u00e0 quel point ils sont silencieux, puissants et faciles \u00e0 utiliser, et vous d\u00e9couvrirez par vous-m\u00eame comment ils rendent le travail plus agr\u00e9able et plus efficace.<\/p>\n\t\t\t\t\t\t\t\t<\/div>\n\t\t\t\t<\/div>\n\t\t\t\t<\/div>\n\t\t\t\t\t<\/div>\n\t\t\t\t<\/div>\n\t\t<div class=\"elementor-element elementor-element-8829727 e-flex e-con-boxed e-con e-child\" data-id=\"8829727\" data-element_type=\"container\" data-settings=\"{&quot;background_background&quot;:&quot;classic&quot;}\">\n\t\t\t\t\t<div class=\"e-con-inner\">\n\t\t<div class=\"elementor-element elementor-element-d4f8c61 e-con-full e-flex e-con e-child\" data-id=\"d4f8c61\" data-element_type=\"container\" data-settings=\"{&quot;background_background&quot;:&quot;classic&quot;}\">\n\t\t\t\t<div class=\"elementor-element elementor-element-3ad1c21 elementor-widget__width-initial elementor-widget elementor-widget-heading\" data-id=\"3ad1c21\" data-element_type=\"widget\" data-widget_type=\"heading.default\">\n\t\t\t\t<div class=\"elementor-widget-container\">\n\t\t\t\t\t<h2 class=\"elementor-heading-title elementor-size-default\">D\u00e9monstration de l'appareil ?<\/h2>\t\t\t\t<\/div>\n\t\t\t\t<\/div>\n\t\t\t\t<div class=\"elementor-element elementor-element-403e7b5 elementor-widget elementor-widget-text-editor\" data-id=\"403e7b5\" data-element_type=\"widget\" data-widget_type=\"text-editor.default\">\n\t\t\t\t<div class=\"elementor-widget-container\">\n\t\t\t\t\t\t\t\t\t<p>Vous poss\u00e9dez une machine \u00e9lectrique que vous souhaitez pr\u00e9senter dans la zone de d\u00e9monstration ? <strong>Contactez-nous<\/strong> et d\u00e9couvrez comment vous pouvez pr\u00e9senter votre appareil \u00e0 d&rsquo;autres professionnels et visiteurs.<\/p>\n\t\t\t\t\t\t\t\t<\/div>\n\t\t\t\t<\/div>\n\t\t\t\t<div class=\"elementor-element elementor-element-48407e6 elementor-align-left elementor-mobile-align-center elementor-widget elementor-widget-dynamic-button\" data-id=\"48407e6\" data-element_type=\"widget\" data-widget_type=\"dynamic-button.default\">\n\t\t\t\t<div class=\"elementor-widget-container\">\n\t\t\t\t\t        <div class=\"elementor-button-wrapper\">\n            <a href=\"https:\/\/www.green-expo.be\/fr\/informations-pratiques\/contact\/\" class=\"elementor-button-link elementor-button elementor-size-md\" role=\"button\">\n                        <span class=\"elementor-button-content-wrapper\">\n\t\t\t                <span class=\"elementor-button-icon elementor-align-icon-right\">\n\t\t\t\t<i aria-hidden=\"true\" class=\"fas fa-arrow-right\"><\/i>\t\t\t<\/span>\n            \t\t\t<span class=\"elementor-button-text\">Informations sur la participation<\/span>\n\t\t<\/span>\n                    <\/a>\n        <\/div>\n        \t\t\t\t<\/div>\n\t\t\t\t<\/div>\n\t\t\t\t<\/div>\n\t\t\t\t\t<\/div>\n\t\t\t\t<\/div>\n\t\t<div class=\"elementor-element elementor-element-7b51a63 e-flex e-con-boxed e-con e-parent\" data-id=\"7b51a63\" data-element_type=\"container\" data-settings=\"{&quot;background_background&quot;:&quot;classic&quot;}\">\n\t\t\t\t\t<div class=\"e-con-inner\">\n\t\t\t\t<div class=\"elementor-element elementor-element-9a1ce99 elementor-widget elementor-widget-heading\" data-id=\"9a1ce99\" data-element_type=\"widget\" data-widget_type=\"heading.default\">\n\t\t\t\t<div class=\"elementor-widget-container\">\n\t\t\t\t\t<h2 class=\"elementor-heading-title elementor-size-default\">Exposants participants <br><\/h2>\t\t\t\t<\/div>\n\t\t\t\t<\/div>\n\t\t\t\t<div class=\"elementor-element elementor-element-b8df2cb elementor-skin-carousel elementor-widget elementor-widget-media-carousel\" data-id=\"b8df2cb\" data-element_type=\"widget\" data-settings=\"{&quot;slides_per_view&quot;:&quot;4&quot;,&quot;slides_to_scroll&quot;:&quot;1&quot;,&quot;space_between&quot;:{&quot;unit&quot;:&quot;px&quot;,&quot;size&quot;:30,&quot;sizes&quot;:[]},&quot;skin&quot;:&quot;carousel&quot;,&quot;effect&quot;:&quot;slide&quot;,&quot;speed&quot;:500,&quot;autoplay&quot;:&quot;yes&quot;,&quot;autoplay_speed&quot;:5000,&quot;loop&quot;:&quot;yes&quot;,&quot;pause_on_hover&quot;:&quot;yes&quot;,&quot;pause_on_interaction&quot;:&quot;yes&quot;,&quot;space_between_tablet&quot;:{&quot;unit&quot;:&quot;px&quot;,&quot;size&quot;:10,&quot;sizes&quot;:[]},&quot;space_between_mobile&quot;:{&quot;unit&quot;:&quot;px&quot;,&quot;size&quot;:10,&quot;sizes&quot;:[]}}\" data-widget_type=\"media-carousel.default\">\n\t\t\t\t<div class=\"elementor-widget-container\">\n\t\t\t\t\t\t\t\t\t<div class=\"elementor-swiper\">\n\t\t\t\t\t<div class=\"elementor-main-swiper swiper\" role=\"region\" aria-roledescription=\"carousel\" aria-label=\"Slides\">\n\t\t\t\t<div class=\"swiper-wrapper\">\n\t\t\t\t\t\t\t\t\t\t\t<div class=\"swiper-slide\" role=\"group\" aria-roledescription=\"slide\">\n\t\t\t\t\t\t\t\t\t<div class=\"elementor-carousel-image\" role=\"img\" aria-label=\"Machines de Schutter logo\" style=\"background-image: url(&#039;https:\/\/easyfairsassets.com\/sites\/172\/2025\/11\/Machines-de-Schutter-logo.png&#039;)\">\n\n\t\t\t\n\t\t\t\t\t<\/div>\n\t\t\t\t\t\t\t\t<\/div>\n\t\t\t\t\t\t\t\t\t\t\t<div class=\"swiper-slide\" role=\"group\" aria-roledescription=\"slide\">\n\t\t\t\t\t\t\t\t\t<div class=\"elementor-carousel-image\" role=\"img\" aria-label=\"logo-geens-combo-logo-groot-horizontaal@2x\" style=\"background-image: url(&#039;https:\/\/easyfairsassets.com\/sites\/172\/2025\/11\/logo-geens-combo-logo-groot-horizontaal@2x.jpg&#039;)\">\n\n\t\t\t\n\t\t\t\t\t<\/div>\n\t\t\t\t\t\t\t\t<\/div>\n\t\t\t\t\t\t\t\t\t<\/div>\n\t\t\t\t\t\t\t\t\t\t\t\t\t\t\t\t\t\t\t\t\t<\/div>\n\t\t\t\t<\/div>\n\t\t\t\t\t\t\t\t<\/div>\n\t\t\t\t<\/div>\n\t\t\t\t\t<\/div>\n\t\t\t\t<\/div>\n\t\t\t\t<\/div>\n\t\t","protected":false},"excerpt":{"rendered":"<p>GREEN ELECTRIC DEMOZONE Informations sur la participation Green Electric Machines Demozone \u2013 powered by PCLT L&rsquo;avenir de l&rsquo;entretien des jardins et des parcs est silencieux, puissant et sans \u00e9missions. Dans la zone de d\u00e9monstration Green Electric Machines, organis\u00e9e en collaboration avec PCLT, vous d\u00e9couvrirez comment les machines \u00e9lectriques d&rsquo;aujourd&rsquo;hui d\u00e9finissent d\u00e9j\u00e0 les normes de demain. [&hellip;]<\/p>\n","protected":false},"author":949,"featured_media":0,"parent":0,"menu_order":0,"comment_status":"closed","ping_status":"closed","template":"","meta":{"_seopress_robots_primary_cat":"","_seopress_titles_title":"","_seopress_titles_desc":"","_seopress_robots_index":"","footnotes":""},"class_list":["post-43546","page","type-page","status-publish","hentry"],"_links":{"self":[{"href":"https:\/\/www.green-expo.be\/fr\/wp-json\/wp\/v2\/pages\/43546","targetHints":{"allow":["GET"]}}],"collection":[{"href":"https:\/\/www.green-expo.be\/fr\/wp-json\/wp\/v2\/pages"}],"about":[{"href":"https:\/\/www.green-expo.be\/fr\/wp-json\/wp\/v2\/types\/page"}],"author":[{"embeddable":true,"href":"https:\/\/www.green-expo.be\/fr\/wp-json\/wp\/v2\/users\/949"}],"replies":[{"embeddable":true,"href":"https:\/\/www.green-expo.be\/fr\/wp-json\/wp\/v2\/comments?post=43546"}],"version-history":[{"count":5,"href":"https:\/\/www.green-expo.be\/fr\/wp-json\/wp\/v2\/pages\/43546\/revisions"}],"predecessor-version":[{"id":43901,"href":"https:\/\/www.green-expo.be\/fr\/wp-json\/wp\/v2\/pages\/43546\/revisions\/43901"}],"wp:attachment":[{"href":"https:\/\/www.green-expo.be\/fr\/wp-json\/wp\/v2\/media?parent=43546"}],"curies":[{"name":"wp","href":"https:\/\/api.w.org\/{rel}","templated":true}]}}