{"id":44530,"date":"2026-03-06T10:43:15","date_gmt":"2026-03-06T09:43:15","guid":{"rendered":"https:\/\/www.green-expo.be\/standformules\/"},"modified":"2026-04-13T08:30:28","modified_gmt":"2026-04-13T06:30:28","slug":"standformules","status":"publish","type":"page","link":"https:\/\/www.green-expo.be\/fr\/standformules\/","title":{"rendered":"Standformules"},"content":{"rendered":"\t\t<div data-elementor-type=\"wp-page\" data-elementor-id=\"44530\" class=\"elementor elementor-44530 elementor-44496\" data-elementor-post-type=\"page\">\n\t\t\t\t<div class=\"elementor-element elementor-element-f75d808 e-flex e-con-boxed e-con e-parent\" data-id=\"f75d808\" data-element_type=\"container\" data-settings=\"{&quot;background_background&quot;:&quot;classic&quot;}\">\n\t\t\t\t\t<div class=\"e-con-inner\">\n\t\t<div class=\"elementor-element elementor-element-aa2988f e-con-full e-flex e-con e-child\" data-id=\"aa2988f\" data-element_type=\"container\">\n\t\t<div class=\"elementor-element elementor-element-af22182 e-con-full e-flex e-con e-child\" data-id=\"af22182\" data-element_type=\"container\">\n\t\t<div class=\"elementor-element elementor-element-c4cd4e1 e-con-full e-flex e-con e-child\" data-id=\"c4cd4e1\" data-element_type=\"container\" data-settings=\"{&quot;background_background&quot;:&quot;classic&quot;}\">\n\t\t\t\t<div class=\"elementor-element elementor-element-0d8e600 elementor-widget elementor-widget-heading\" data-id=\"0d8e600\" data-element_type=\"widget\" data-widget_type=\"heading.default\">\n\t\t\t\t<div class=\"elementor-widget-container\">\n\t\t\t\t\t<h1 class=\"elementor-heading-title elementor-size-default\">D\u00e9couvrez les diff\u00e9rentes formules de stan<\/h1>\t\t\t\t<\/div>\n\t\t\t\t<\/div>\n\t\t\t\t<\/div>\n\t\t\t\t<\/div>\n\t\t\t\t<\/div>\n\t\t\t\t\t<\/div>\n\t\t\t\t<\/div>\n\t\t<div class=\"elementor-element elementor-element-225d417 e-flex e-con-boxed e-con e-parent\" data-id=\"225d417\" data-element_type=\"container\" data-settings=\"{&quot;background_background&quot;:&quot;classic&quot;}\">\n\t\t\t\t\t<div class=\"e-con-inner\">\n\t\t<div class=\"elementor-element elementor-element-bc8da09 e-con-full e-flex e-con e-child\" data-id=\"bc8da09\" data-element_type=\"container\">\n\t\t\t\t<div class=\"elementor-element elementor-element-201f319 elementor-widget elementor-widget-heading\" data-id=\"201f319\" data-element_type=\"widget\" data-widget_type=\"heading.default\">\n\t\t\t\t<div class=\"elementor-widget-container\">\n\t\t\t\t\t<h2 class=\"elementor-heading-title elementor-size-default\">Standformules<\/h2>\t\t\t\t<\/div>\n\t\t\t\t<\/div>\n\t\t\t\t<\/div>\n\t\t\t\t\t<\/div>\n\t\t\t\t<\/div>\n\t\t<div class=\"elementor-element elementor-element-09577d6 e-flex e-con-boxed e-con e-parent\" data-id=\"09577d6\" data-element_type=\"container\" data-settings=\"{&quot;background_background&quot;:&quot;classic&quot;}\">\n\t\t\t\t\t<div class=\"e-con-inner\">\n\t\t<div class=\"elementor-element elementor-element-6e5a194 e-grid e-con-full e-con e-child\" data-id=\"6e5a194\" data-element_type=\"container\">\n\t\t<div class=\"elementor-element elementor-element-2a8cc6d e-con-full e-flex e-con e-child\" data-id=\"2a8cc6d\" data-element_type=\"container\" data-settings=\"{&quot;background_background&quot;:&quot;classic&quot;}\">\n\t\t\t\t<div class=\"elementor-element elementor-element-c4ee3ff elementor-widget elementor-widget-heading\" data-id=\"c4ee3ff\" data-element_type=\"widget\" data-widget_type=\"heading.default\">\n\t\t\t\t<div class=\"elementor-widget-container\">\n\t\t\t\t\t<h2 class=\"elementor-heading-title elementor-size-default\">All-In Stand<\/h2>\t\t\t\t<\/div>\n\t\t\t\t<\/div>\n\t\t\t\t<div class=\"elementor-element elementor-element-c722329 elementor-widget elementor-widget-image\" data-id=\"c722329\" data-element_type=\"widget\" data-widget_type=\"image.default\">\n\t\t\t\t<div class=\"elementor-widget-container\">\n\t\t\t\t\t\t\t\t\t\t\t\t\t\t\t<img fetchpriority=\"high\" decoding=\"async\" width=\"768\" height=\"513\" src=\"https:\/\/easyfairsassets.com\/sites\/172\/2026\/03\/All-in-Matrix-White-1-scaled-1-768x513.jpg\" class=\"attachment-medium_large size-medium_large wp-image-44502\" alt=\"\" srcset=\"https:\/\/easyfairsassets.com\/sites\/172\/2026\/03\/All-in-Matrix-White-1-scaled-1-768x513.jpg 768w, https:\/\/easyfairsassets.com\/sites\/172\/2026\/03\/All-in-Matrix-White-1-scaled-1-300x200.jpg 300w, https:\/\/easyfairsassets.com\/sites\/172\/2026\/03\/All-in-Matrix-White-1-scaled-1-1024x684.jpg 1024w, https:\/\/easyfairsassets.com\/sites\/172\/2026\/03\/All-in-Matrix-White-1-scaled-1-1536x1026.jpg 1536w, https:\/\/easyfairsassets.com\/sites\/172\/2026\/03\/All-in-Matrix-White-1-scaled-1.jpg 1920w\" sizes=\"(max-width: 768px) 100vw, 768px\" \/>\t\t\t\t\t\t\t\t\t\t\t\t\t\t\t<\/div>\n\t\t\t\t<\/div>\n\t\t\t\t<div class=\"elementor-element elementor-element-3b1c22b elementor-widget elementor-widget-text-editor\" data-id=\"3b1c22b\" data-element_type=\"widget\" data-widget_type=\"text-editor.default\">\n\t\t\t\t<div class=\"elementor-widget-container\">\n\t\t\t\t\t\t\t\t\tLe stand All-in est un stand\u00a0<strong>fonctionnel<\/strong> pour pr\u00e9senter votre mat\u00e9riel et mener vos activit\u00e9s professionnelles. Votre objectif premier est d&rsquo;\u00e9tablir des contacts et de collecter des prospects.<br><br><span style=\"font-size: 17.7138px;\">*mobilier non compris*<\/span>\t\t\t\t\t\t\t\t<\/div>\n\t\t\t\t<\/div>\n\t\t\t\t<div class=\"elementor-element elementor-element-ad8f3ef elementor-align-center elementor-widget elementor-widget-button\" data-id=\"ad8f3ef\" data-element_type=\"widget\" data-widget_type=\"button.default\">\n\t\t\t\t<div class=\"elementor-widget-container\">\n\t\t\t\t\t\t\t\t\t<div class=\"elementor-button-wrapper\">\n\t\t\t\t\t<a class=\"elementor-button elementor-button-link elementor-size-sm\" href=\"mailto:%20greenexpo.ops@easyfairs.com\">\n\t\t\t\t\t\t<span class=\"elementor-button-content-wrapper\">\n\t\t\t\t\t\t\t\t\t<span class=\"elementor-button-text\">Plus d'information<\/span>\n\t\t\t\t\t<\/span>\n\t\t\t\t\t<\/a>\n\t\t\t\t<\/div>\n\t\t\t\t\t\t\t\t<\/div>\n\t\t\t\t<\/div>\n\t\t\t\t<\/div>\n\t\t<div class=\"elementor-element elementor-element-7ce1700 e-con-full e-flex e-con e-child\" data-id=\"7ce1700\" data-element_type=\"container\" data-settings=\"{&quot;background_background&quot;:&quot;classic&quot;}\">\n\t\t\t\t<div class=\"elementor-element elementor-element-8fd7c88 elementor-widget elementor-widget-heading\" data-id=\"8fd7c88\" data-element_type=\"widget\" data-widget_type=\"heading.default\">\n\t\t\t\t<div class=\"elementor-widget-container\">\n\t\t\t\t\t<h2 class=\"elementor-heading-title elementor-size-default\">Techno Black Plus<\/h2>\t\t\t\t<\/div>\n\t\t\t\t<\/div>\n\t\t\t\t<div class=\"elementor-element elementor-element-73fa9b4 elementor-widget elementor-widget-image\" data-id=\"73fa9b4\" data-element_type=\"widget\" data-widget_type=\"image.default\">\n\t\t\t\t<div class=\"elementor-widget-container\">\n\t\t\t\t\t\t\t\t\t\t\t\t\t\t\t<img decoding=\"async\" width=\"800\" height=\"534\" src=\"https:\/\/easyfairsassets.com\/sites\/172\/2026\/03\/Techno-Black-Matrix-berging-2-1024x684.jpg\" class=\"attachment-large size-large wp-image-44666\" alt=\"\" srcset=\"https:\/\/easyfairsassets.com\/sites\/172\/2026\/03\/Techno-Black-Matrix-berging-2-1024x684.jpg 1024w, https:\/\/easyfairsassets.com\/sites\/172\/2026\/03\/Techno-Black-Matrix-berging-2-300x200.jpg 300w, https:\/\/easyfairsassets.com\/sites\/172\/2026\/03\/Techno-Black-Matrix-berging-2-768x513.jpg 768w, https:\/\/easyfairsassets.com\/sites\/172\/2026\/03\/Techno-Black-Matrix-berging-2-1536x1026.jpg 1536w, https:\/\/easyfairsassets.com\/sites\/172\/2026\/03\/Techno-Black-Matrix-berging-2.jpg 1920w\" sizes=\"(max-width: 800px) 100vw, 800px\" \/>\t\t\t\t\t\t\t\t\t\t\t\t\t\t\t<\/div>\n\t\t\t\t<\/div>\n\t\t\t\t<div class=\"elementor-element elementor-element-28fe3f8 elementor-widget elementor-widget-text-editor\" data-id=\"28fe3f8\" data-element_type=\"widget\" data-widget_type=\"text-editor.default\">\n\t\t\t\t<div class=\"elementor-widget-container\">\n\t\t\t\t\t\t\t\t\t<p>Vous souhaitez b\u00e9n\u00e9ficier d&rsquo;une pr\u00e9sence remarquable gr\u00e2ce au stand All-in Plus Truss. Outre la collecte de prospects et l&rsquo;\u00e9tablissement de nouveaux contacts, vous souhaitez accueillir vos relations dans un cadre spacieux qui refl\u00e8te votre identit\u00e9 visuelle.<\/p>\n<p><span style=\"font-size: 17.7138px;\">*mobilier non compris*<\/span><\/p>\n\t\t\t\t\t\t\t\t<\/div>\n\t\t\t\t<\/div>\n\t\t\t\t<div class=\"elementor-element elementor-element-1d53964 elementor-align-center elementor-widget elementor-widget-button\" data-id=\"1d53964\" data-element_type=\"widget\" data-widget_type=\"button.default\">\n\t\t\t\t<div class=\"elementor-widget-container\">\n\t\t\t\t\t\t\t\t\t<div class=\"elementor-button-wrapper\">\n\t\t\t\t\t<a class=\"elementor-button elementor-button-link elementor-size-sm\" href=\"mailto:%20greenexpo.ops@easyfairs.com\">\n\t\t\t\t\t\t<span class=\"elementor-button-content-wrapper\">\n\t\t\t\t\t\t\t\t\t<span class=\"elementor-button-text\">Plus d'informations<\/span>\n\t\t\t\t\t<\/span>\n\t\t\t\t\t<\/a>\n\t\t\t\t<\/div>\n\t\t\t\t\t\t\t\t<\/div>\n\t\t\t\t<\/div>\n\t\t\t\t<\/div>\n\t\t<div class=\"elementor-element elementor-element-c6ad340 e-con-full e-flex e-con e-child\" data-id=\"c6ad340\" data-element_type=\"container\" data-settings=\"{&quot;background_background&quot;:&quot;classic&quot;}\">\n\t\t\t\t<div class=\"elementor-element elementor-element-b0e2a60 elementor-widget elementor-widget-heading\" data-id=\"b0e2a60\" data-element_type=\"widget\" data-widget_type=\"heading.default\">\n\t\t\t\t<div class=\"elementor-widget-container\">\n\t\t\t\t\t<h2 class=\"elementor-heading-title elementor-size-default\">Space Only<\/h2>\t\t\t\t<\/div>\n\t\t\t\t<\/div>\n\t\t\t\t<div class=\"elementor-element elementor-element-a437ffc elementor-widget elementor-widget-image\" data-id=\"a437ffc\" data-element_type=\"widget\" data-widget_type=\"image.default\">\n\t\t\t\t<div class=\"elementor-widget-container\">\n\t\t\t\t\t\t\t\t\t\t\t\t\t\t\t<img decoding=\"async\" width=\"300\" height=\"200\" src=\"https:\/\/easyfairsassets.com\/sites\/172\/2026\/03\/Space-Only-qgucr61iy169rxgmezki6ucqkk3qmtkwzpi35h8jps.png\" class=\"attachment-medium_large size-medium_large wp-image-44508\" alt=\"\" \/>\t\t\t\t\t\t\t\t\t\t\t\t\t\t\t<\/div>\n\t\t\t\t<\/div>\n\t\t\t\t<div class=\"elementor-element elementor-element-f66151f elementor-widget elementor-widget-text-editor\" data-id=\"f66151f\" data-element_type=\"widget\" data-widget_type=\"text-editor.default\">\n\t\t\t\t<div class=\"elementor-widget-container\">\n\t\t\t\t\t\t\t\t\t<p>Surface au sol nue pour la construction de stands sur mesure ! Demandez plus d&rsquo;informations.<\/p>\n\t\t\t\t\t\t\t\t<\/div>\n\t\t\t\t<\/div>\n\t\t\t\t<div class=\"elementor-element elementor-element-9e6732b elementor-align-center elementor-widget elementor-widget-button\" data-id=\"9e6732b\" data-element_type=\"widget\" data-widget_type=\"button.default\">\n\t\t\t\t<div class=\"elementor-widget-container\">\n\t\t\t\t\t\t\t\t\t<div class=\"elementor-button-wrapper\">\n\t\t\t\t\t<a class=\"elementor-button elementor-button-link elementor-size-sm\" href=\"mailto:%20exhibitor@easyfairs.com%20\">\n\t\t\t\t\t\t<span class=\"elementor-button-content-wrapper\">\n\t\t\t\t\t\t\t\t\t<span class=\"elementor-button-text\">Plus d'informations<\/span>\n\t\t\t\t\t<\/span>\n\t\t\t\t\t<\/a>\n\t\t\t\t<\/div>\n\t\t\t\t\t\t\t\t<\/div>\n\t\t\t\t<\/div>\n\t\t\t\t<\/div>\n\t\t\t\t<\/div>\n\t\t\t\t\t<\/div>\n\t\t\t\t<\/div>\n\t\t<div class=\"elementor-element elementor-element-602acd3 e-flex e-con-boxed e-con e-parent\" data-id=\"602acd3\" data-element_type=\"container\" data-settings=\"{&quot;background_background&quot;:&quot;classic&quot;}\">\n\t\t\t\t\t<div class=\"e-con-inner\">\n\t\t<div class=\"elementor-element elementor-element-b2f7931 e-con-full e-flex e-con e-child\" data-id=\"b2f7931\" data-element_type=\"container\">\n\t\t<div class=\"elementor-element elementor-element-643aee5 e-grid e-con-full e-con e-child\" data-id=\"643aee5\" data-element_type=\"container\">\n\t\t\t\t<div class=\"elementor-element elementor-element-0b42544 elementor-widget elementor-widget-heading\" data-id=\"0b42544\" data-element_type=\"widget\" data-widget_type=\"heading.default\">\n\t\t\t\t<div class=\"elementor-widget-container\">\n\t\t\t\t\t<h2 class=\"elementor-heading-title elementor-size-default\">Des questions ?<\/h2>\t\t\t\t<\/div>\n\t\t\t\t<\/div>\n\t\t\t\t<div class=\"elementor-element elementor-element-b0a17e1 elementor-align-center elementor-widget elementor-widget-button\" data-id=\"b0a17e1\" data-element_type=\"widget\" data-widget_type=\"button.default\">\n\t\t\t\t<div class=\"elementor-widget-container\">\n\t\t\t\t\t\t\t\t\t<div class=\"elementor-button-wrapper\">\n\t\t\t\t\t<a class=\"elementor-button elementor-button-link elementor-size-sm\" href=\"https:\/\/www.green-expo.be\/fr\/informations-pratiques\/team-2\/\">\n\t\t\t\t\t\t<span class=\"elementor-button-content-wrapper\">\n\t\t\t\t\t\t\t\t\t<span class=\"elementor-button-text\">Contact<\/span>\n\t\t\t\t\t<\/span>\n\t\t\t\t\t<\/a>\n\t\t\t\t<\/div>\n\t\t\t\t\t\t\t\t<\/div>\n\t\t\t\t<\/div>\n\t\t\t\t<\/div>\n\t\t\t\t<\/div>\n\t\t\t\t\t<\/div>\n\t\t\t\t<\/div>\n\t\t\t\t<\/div>\n\t\t","protected":false},"excerpt":{"rendered":"<p>D\u00e9couvrez les diff\u00e9rentes formules de stan Standformules All-In Stand Le stand All-in est un stand\u00a0fonctionnel pour pr\u00e9senter votre mat\u00e9riel et mener vos activit\u00e9s professionnelles. Votre objectif premier est d&rsquo;\u00e9tablir des contacts et de collecter des prospects. *mobilier non compris* Plus d&rsquo;information Techno Black Plus Vous souhaitez b\u00e9n\u00e9ficier d&rsquo;une pr\u00e9sence remarquable gr\u00e2ce au stand All-in Plus [&hellip;]<\/p>\n","protected":false},"author":1351,"featured_media":0,"parent":0,"menu_order":0,"comment_status":"closed","ping_status":"closed","template":"","meta":{"_seopress_robots_primary_cat":"","_seopress_titles_title":"","_seopress_titles_desc":"","_seopress_robots_index":"","footnotes":""},"class_list":["post-44530","page","type-page","status-publish","hentry"],"_links":{"self":[{"href":"https:\/\/www.green-expo.be\/fr\/wp-json\/wp\/v2\/pages\/44530","targetHints":{"allow":["GET"]}}],"collection":[{"href":"https:\/\/www.green-expo.be\/fr\/wp-json\/wp\/v2\/pages"}],"about":[{"href":"https:\/\/www.green-expo.be\/fr\/wp-json\/wp\/v2\/types\/page"}],"author":[{"embeddable":true,"href":"https:\/\/www.green-expo.be\/fr\/wp-json\/wp\/v2\/users\/1351"}],"replies":[{"embeddable":true,"href":"https:\/\/www.green-expo.be\/fr\/wp-json\/wp\/v2\/comments?post=44530"}],"version-history":[{"count":2,"href":"https:\/\/www.green-expo.be\/fr\/wp-json\/wp\/v2\/pages\/44530\/revisions"}],"predecessor-version":[{"id":44734,"href":"https:\/\/www.green-expo.be\/fr\/wp-json\/wp\/v2\/pages\/44530\/revisions\/44734"}],"wp:attachment":[{"href":"https:\/\/www.green-expo.be\/fr\/wp-json\/wp\/v2\/media?parent=44530"}],"curies":[{"name":"wp","href":"https:\/\/api.w.org\/{rel}","templated":true}]}}